{"id":39,"date":"2025-02-04T10:02:29","date_gmt":"2025-02-04T10:02:29","guid":{"rendered":"https:\/\/emeraldsring.com\/?post_type=product&#038;p=39"},"modified":"2025-04-28T19:59:55","modified_gmt":"2025-04-28T14:59:55","slug":"exquisite-emerald-ring-elegant-design-for-engagement","status":"publish","type":"product","link":"https:\/\/emeraldsring.com\/pt\/produto\/exquisite-emerald-ring-elegant-design-for-engagement\/","title":{"rendered":"Anel de noivado de esmeralda de corte requintado com formato de cora\u00e7\u00e3o"},"content":{"rendered":"<div data-elementor-type=\"wp-post\" data-elementor-id=\"39\" class=\"elementor elementor-39\" data-elementor-post-type=\"product\">\n\t\t\t\t<div class=\"elementor-element elementor-element-5d27b73b e-flex e-con-boxed e-con e-parent\" data-id=\"5d27b73b\" data-element_type=\"container\" data-e-type=\"container\">\n\t\t\t\t\t<div class=\"e-con-inner\">\n\t\t<div class=\"elementor-element elementor-element-2e323c7 e-flex e-con-boxed e-con e-child\" data-id=\"2e323c7\" data-element_type=\"container\" data-e-type=\"container\">\n\t\t\t\t\t<div class=\"e-con-inner\">\n\t\t\t\t<div class=\"elementor-element elementor-element-0032deb elementor-widget elementor-widget-video\" data-id=\"0032deb\" data-element_type=\"widget\" data-e-type=\"widget\" data-settings=\"{&quot;youtube_url&quot;:&quot;https:\\\/\\\/www.youtube.com\\\/watch?v=FU7mSwE2B9Q&quot;,&quot;loop&quot;:&quot;yes&quot;,&quot;video_type&quot;:&quot;youtube&quot;,&quot;controls&quot;:&quot;yes&quot;}\" data-widget_type=\"video.default\">\n\t\t\t\t<div class=\"elementor-widget-container\">\n\t\t\t\t\t\t\t<div class=\"elementor-wrapper elementor-open-inline\">\n\t\t\t<div class=\"elementor-video\"><\/div>\t\t<\/div>\n\t\t\t\t\t\t<\/div>\n\t\t\t\t<\/div>\n\t\t\t\t\t<\/div>\n\t\t\t\t<\/div>\n\t\t\t\t<div class=\"elementor-element elementor-element-6716d915 elementor-widget elementor-widget-text-editor\" data-id=\"6716d915\" data-element_type=\"widget\" data-e-type=\"widget\" data-widget_type=\"text-editor.default\">\n\t\t\t\t<div class=\"elementor-widget-container\">\n\t\t\t\t\t\t\t\t\t<strong>Principais recursos:<\/strong>\r\n<ul>\r\n \t<li><strong>Material de qualidade superior<\/strong>: O anel \u00e9 fabricado com [especificar o material: por exemplo, prata esterlina, ouro 18k] de alta qualidade para garantir durabilidade e um acabamento luxuoso.<\/li>\r\n \t<li><strong>Pedra preciosa esmeralda brilhante<\/strong>: Apresentando uma pedra preciosa esmeralda vibrante, cuidadosamente selecionada por sua clareza, cor e brilho. A pedra preciosa \u00e9 habilmente lapidada para real\u00e7ar sua beleza natural.<\/li>\r\n \t<li><strong>Design elegante<\/strong>: O anel apresenta um design atemporal, adequado para noivados, casamentos, anivers\u00e1rios ou ocasi\u00f5es especiais.<\/li>\r\n \t<li><strong>Ajuste confort\u00e1vel<\/strong>: Projetado para proporcionar conforto, garantindo que possa ser usado diariamente sem comprometer o estilo.<\/li>\r\n<\/ul>\r\n<strong>Por que escolher nosso anel de esmeralda?<\/strong>\r\n<ul>\r\n \t<li>Um presente perfeito para seus entes queridos, simbolizando amor, prosperidade e sabedoria.<\/li>\r\n \t<li>Adiciona um toque de luxo e classe a qualquer roupa.<\/li>\r\n \t<li>Criado com precis\u00e3o para proporcionar um acabamento impec\u00e1vel que chama a aten\u00e7\u00e3o.<\/li>\r\n<\/ul>\r\n<strong>Especifica\u00e7\u00f5es:<\/strong>\r\n<ul>\r\n \t<li>Material: [por exemplo, ouro 18k, platina].<\/li>\r\n \t<li>Pedra preciosa: Esmeralda natural<\/li>\r\n \t<li>Tamanhos dispon\u00edveis: [por exemplo, tamanhos 5-9 nos EUA].<\/li>\r\n \t<li>Embalagem: Vem em uma caixa de presente elegante, pronta para presentear.<\/li>\r\n<\/ul>\r\nIsso <strong>Anel de esmeralda<\/strong> \u00e9 mais do que apenas uma pe\u00e7a de joalheria - \u00e9 uma declara\u00e7\u00e3o de eleg\u00e2ncia e amor. Quer esteja marcando um momento especial ou presenteando a si mesmo, esse anel certamente impressionar\u00e1.\r\n\r\nFa\u00e7a seu pedido agora e deixe que essa magn\u00edfica pe\u00e7a fa\u00e7a parte de suas lembran\u00e7as mais queridas!\r\n\r\n<a href=\"https:\/\/emeraldring.shop\/wp-content\/uploads\/2022\/12\/Exquisite-Emerald-Ring-Elegant-Design-for-Special-Occasions-1.jpg\"><img fetchpriority=\"high\" decoding=\"async\" src=\"https:\/\/emeraldring.shop\/wp-content\/uploads\/2022\/12\/Exquisite-Emerald-Ring-Elegant-Design-for-Special-Occasions-1.jpg\" alt=\"Exquisite Emerald Ring - Elegant Design for Engagement Occasions (1)\" width=\"800\" height=\"800\" \/><\/a> <a href=\"https:\/\/emeraldring.shop\/wp-content\/uploads\/2022\/12\/Exquisite-Emerald-Ring-Elegant-Design-for-Special-Occasions-10.jpg\"><img decoding=\"async\" src=\"https:\/\/emeraldring.shop\/wp-content\/uploads\/2022\/12\/Exquisite-Emerald-Ring-Elegant-Design-for-Special-Occasions-10.jpg\" alt=\"Exquisite Emerald Ring - Elegant Design for Engagement Occasions\" width=\"800\" height=\"800\" \/><\/a> <a href=\"https:\/\/emeraldring.shop\/wp-content\/uploads\/2022\/12\/Exquisite-Emerald-Ring-Elegant-Design-for-Special-Occasions-9.jpg\"><img decoding=\"async\" src=\"https:\/\/emeraldring.shop\/wp-content\/uploads\/2022\/12\/Exquisite-Emerald-Ring-Elegant-Design-for-Special-Occasions-9.jpg\" alt=\"Exquisite Emerald Ring - Elegant Design for Engagement Occasions\" width=\"800\" height=\"800\" \/><\/a> <a href=\"https:\/\/emeraldring.shop\/wp-content\/uploads\/2022\/12\/Exquisite-Emerald-Ring-Elegant-Design-for-Special-Occasions-8.jpg\"><img loading=\"lazy\" decoding=\"async\" src=\"https:\/\/emeraldring.shop\/wp-content\/uploads\/2022\/12\/Exquisite-Emerald-Ring-Elegant-Design-for-Special-Occasions-8.jpg\" alt=\"Exquisite Emerald Ring - Elegant Design for Engagement Occasions\" width=\"800\" height=\"800\" \/><\/a> <a href=\"https:\/\/emeraldring.shop\/wp-content\/uploads\/2022\/12\/Exquisite-Emerald-Ring-Elegant-Design-for-Special-Occasions-6.jpg\"><img loading=\"lazy\" decoding=\"async\" src=\"https:\/\/emeraldring.shop\/wp-content\/uploads\/2022\/12\/Exquisite-Emerald-Ring-Elegant-Design-for-Special-Occasions-6.jpg\" alt=\"Exquisite Emerald Ring - Elegant Design for Engagement Occasions\" width=\"800\" height=\"800\" \/><\/a> <a href=\"https:\/\/emeraldring.shop\/wp-content\/uploads\/2022\/12\/Exquisite-Emerald-Ring-Elegant-Design-for-Special-Occasions-5.jpg\"><img loading=\"lazy\" decoding=\"async\" src=\"https:\/\/emeraldring.shop\/wp-content\/uploads\/2022\/12\/Exquisite-Emerald-Ring-Elegant-Design-for-Special-Occasions-5.jpg\" alt=\"Exquisite Emerald Ring - Elegant Design for Engagement Occasions\" width=\"800\" height=\"800\" \/><\/a> <a href=\"https:\/\/emeraldring.shop\/wp-content\/uploads\/2022\/12\/Exquisite-Emerald-Ring-Elegant-Design-for-Special-Occasions-4.jpg\"><img loading=\"lazy\" decoding=\"async\" src=\"https:\/\/emeraldring.shop\/wp-content\/uploads\/2022\/12\/Exquisite-Emerald-Ring-Elegant-Design-for-Special-Occasions-4.jpg\" alt=\"Exquisite Emerald Ring - Elegant Design for Engagement Occasions\" width=\"800\" height=\"800\" \/><\/a> <a href=\"https:\/\/emeraldring.shop\/wp-content\/uploads\/2022\/12\/Exquisite-Emerald-Ring-Elegant-Design-for-Special-Occasions-3.jpg\"><img loading=\"lazy\" decoding=\"async\" src=\"https:\/\/emeraldring.shop\/wp-content\/uploads\/2022\/12\/Exquisite-Emerald-Ring-Elegant-Design-for-Special-Occasions-3.jpg\" alt=\"Exquisite Emerald Ring - Elegant Design for Engagement Occasions\" width=\"800\" height=\"800\" \/><\/a> <a href=\"https:\/\/emeraldring.shop\/wp-content\/uploads\/2022\/12\/Exquisite-Emerald-Ring-Elegant-Design-for-Special-Occasions-2.jpg\"><img loading=\"lazy\" decoding=\"async\" src=\"https:\/\/emeraldring.shop\/wp-content\/uploads\/2022\/12\/Exquisite-Emerald-Ring-Elegant-Design-for-Special-Occasions-2.jpg\" alt=\"Exquisite Emerald Ring - Elegant Design for Engagement Occasions\" width=\"800\" height=\"800\" \/><\/a>\t\t\t\t\t\t\t\t<\/div>\n\t\t\t\t<\/div>\n\t\t\t\t\t<\/div>\n\t\t\t\t<\/div>\n\t\t\t\t<\/div>","protected":false},"excerpt":{"rendered":"<p>Apresentamos nosso requintado <strong>Anel de esmeralda<\/strong>O anel de ouro da marca Candy, uma obra-prima que personifica a eleg\u00e2ncia e a sofistica\u00e7\u00e3o. Esse anel foi projetado para aqueles que apreciam o artesanato fino e a beleza atemporal.<\/p>","protected":false},"featured_media":225,"comment_status":"open","ping_status":"closed","template":"","meta":{"_kad_post_transparent":"","_kad_post_title":"","_kad_post_layout":"","_kad_post_sidebar_id":"","_kad_post_content_style":"","_kad_post_vertical_padding":"","_kad_post_feature":"","_kad_post_feature_position":"","_kad_post_header":false,"_kad_post_footer":false},"product_brand":[],"product_cat":[16,89,17,44,67,15],"product_tag":[30,18,31],"class_list":{"0":"post-39","1":"product","2":"type-product","3":"status-publish","4":"has-post-thumbnail","6":"product_cat-emerald-ring","7":"product_cat-engagement-and-wedding","8":"product_cat-engagement-ring","9":"product_cat-heart-ring","10":"product_cat-lab-grown-gemstones-ring","11":"product_cat-rings","12":"product_tag-emerald-cut-engagement-rings","13":"product_tag-emerald-ring","14":"product_tag-engagement-ring","16":"first","17":"instock","18":"shipping-taxable","19":"purchasable","20":"product-type-variable","21":"entry","22":"content-bg","23":"loop-entry"},"aioseo_notices":[],"_links":{"self":[{"href":"https:\/\/emeraldsring.com\/pt\/wp-json\/wp\/v2\/product\/39","targetHints":{"allow":["GET"]}}],"collection":[{"href":"https:\/\/emeraldsring.com\/pt\/wp-json\/wp\/v2\/product"}],"about":[{"href":"https:\/\/emeraldsring.com\/pt\/wp-json\/wp\/v2\/types\/product"}],"replies":[{"embeddable":true,"href":"https:\/\/emeraldsring.com\/pt\/wp-json\/wp\/v2\/comments?post=39"}],"version-history":[{"count":5,"href":"https:\/\/emeraldsring.com\/pt\/wp-json\/wp\/v2\/product\/39\/revisions"}],"predecessor-version":[{"id":1444,"href":"https:\/\/emeraldsring.com\/pt\/wp-json\/wp\/v2\/product\/39\/revisions\/1444"}],"wp:featuredmedia":[{"embeddable":true,"href":"https:\/\/emeraldsring.com\/pt\/wp-json\/wp\/v2\/media\/225"}],"wp:attachment":[{"href":"https:\/\/emeraldsring.com\/pt\/wp-json\/wp\/v2\/media?parent=39"}],"wp:term":[{"taxonomy":"product_brand","embeddable":true,"href":"https:\/\/emeraldsring.com\/pt\/wp-json\/wp\/v2\/product_brand?post=39"},{"taxonomy":"product_cat","embeddable":true,"href":"https:\/\/emeraldsring.com\/pt\/wp-json\/wp\/v2\/product_cat?post=39"},{"taxonomy":"product_tag","embeddable":true,"href":"https:\/\/emeraldsring.com\/pt\/wp-json\/wp\/v2\/product_tag?post=39"}],"curies":[{"name":"wp","href":"https:\/\/api.w.org\/{rel}","templated":true}]}}