{"id":40,"date":"2025-02-04T10:02:29","date_gmt":"2025-02-04T10:02:29","guid":{"rendered":"https:\/\/emeraldsring.com\/?post_type=product&#038;p=40"},"modified":"2025-03-03T11:31:39","modified_gmt":"2025-03-03T06:31:39","slug":"elegant-925-sterling-silver-eternity-band-with-emerald","status":"publish","type":"product","link":"https:\/\/emeraldsring.com\/pt\/produto\/elegant-925-sterling-silver-eternity-band-with-emerald\/","title":{"rendered":"Elegante pulseira de eternidade em prata esterlina 925 com esmeralda"},"content":{"rendered":"<div data-elementor-type=\"wp-post\" data-elementor-id=\"40\" class=\"elementor elementor-40\" data-elementor-post-type=\"product\">\n\t\t\t\t<div class=\"elementor-element elementor-element-5911d0d4 e-flex e-con-boxed e-con e-parent\" data-id=\"5911d0d4\" data-element_type=\"container\">\n\t\t\t\t\t<div class=\"e-con-inner\">\n\t\t<div class=\"elementor-element elementor-element-6c03046 e-con-full e-flex e-con e-child\" data-id=\"6c03046\" data-element_type=\"container\">\n\t\t\t\t<div class=\"elementor-element elementor-element-6a8365f elementor-widget elementor-widget-video\" data-id=\"6a8365f\" data-element_type=\"widget\" data-settings=\"{&quot;youtube_url&quot;:&quot;https:\\\/\\\/youtube.com\\\/watch?v=hPLNEoJ0cdE&quot;,&quot;loop&quot;:&quot;yes&quot;,&quot;video_type&quot;:&quot;youtube&quot;,&quot;controls&quot;:&quot;yes&quot;}\" data-widget_type=\"video.default\">\n\t\t\t\t<div class=\"elementor-widget-container\">\n\t\t\t\t\t\t\t<div class=\"elementor-wrapper elementor-open-inline\">\n\t\t\t<div class=\"elementor-video\"><\/div>\t\t<\/div>\n\t\t\t\t\t\t<\/div>\n\t\t\t\t<\/div>\n\t\t\t\t<\/div>\n\t\t\t\t<div class=\"elementor-element elementor-element-6576f0a6 elementor-widget elementor-widget-text-editor\" data-id=\"6576f0a6\" data-element_type=\"widget\" data-widget_type=\"text-editor.default\">\n\t\t\t\t<div class=\"elementor-widget-container\">\n\t\t\t\t\t\t\t\t\t<p><strong>Principais recursos<\/strong><\/p><ol><li><strong>Materiais Premium<\/strong>:<br \/>Fabricado em prata esterlina 925 e banhado em ouro branco 18k, esse anel garante durabilidade e um brilho luxuoso. Os materiais premium resistem a manchas e mant\u00eam sua beleza ao longo do tempo.<\/li><li><strong>Pedras preciosas sofisticadas<\/strong>:<ul><li><strong>Esmeraldas<\/strong>: Uma tonalidade verde vibrante simboliza prosperidade, amor e renova\u00e7\u00e3o.<\/li><li><strong>Zirc\u00f4nia branca<\/strong>: Irradia um brilho semelhante ao dos diamantes, oferecendo uma alternativa luxuosa e econ\u00f4mica.<\/li><\/ul><\/li><li><strong>Design de pulseira de eternidade<\/strong>:<br \/>O arranjo circular de esmeraldas e zirc\u00f4nias brancas alternadas representa o amor eterno e a uni\u00e3o, tornando-o uma pe\u00e7a significativa para casamentos, anivers\u00e1rios ou promessas.<\/li><li><strong>Artesanato excepcional<\/strong>:<br \/>Cada pedra preciosa \u00e9 fixada com seguran\u00e7a usando t\u00e9cnicas avan\u00e7adas de incrusta\u00e7\u00e3o, garantindo um acabamento impec\u00e1vel e um uso duradouro.<\/li><li><strong>Design com ajuste confort\u00e1vel<\/strong>:<br \/>Projetado para um ajuste confort\u00e1vel, esse anel \u00e9 perfeito para uso di\u00e1rio ou ocasi\u00f5es especiais.<\/li><\/ol><p><strong>Especifica\u00e7\u00f5es<\/strong><\/p><ul><li><strong>Material de base<\/strong>: 925 Sterling Silver<\/li><li><strong>Revestimento<\/strong>: Ouro branco 18k<\/li><li><strong>Pedras preciosas<\/strong>: Esmeralda e zirc\u00f4nia branca<\/li><li><strong>Tamanhos dispon\u00edveis<\/strong>: Faixa completa de US 5 a US 9<\/li><li><strong>Embalagem<\/strong>: Caixa de presente elegante, pronta para presentear<\/li><\/ul><p><strong>Por que escolher essa pulseira de eternidade?<\/strong><\/p><ul><li>Perfeito para comemorar o amor, marcos hist\u00f3ricos ou como um presente atencioso.<\/li><li>Adiciona sofistica\u00e7\u00e3o e luxo a qualquer roupa.<\/li><li>Meticulosamente projetado para proporcionar beleza e durabilidade.<\/li><\/ul><p><strong>Instru\u00e7\u00f5es de cuidados<\/strong><\/p><ul><li>Evite o contato direto com \u00e1gua, perfumes ou produtos qu\u00edmicos agressivos.<\/li><li>Guarde na caixa de joias fornecida para manter o brilho e a longevidade.<\/li><\/ul><p><strong>Pe\u00e7a agora<\/strong><br \/>Aprimore sua cole\u00e7\u00e3o de joias com este impressionante <strong>Anel de eternidade em prata esterlina 925<\/strong>. Seja para voc\u00ea ou para um ente querido, \u00e9 um tesouro atemporal que ser\u00e1 apreciado para sempre.<\/p><p>Torne seus momentos especiais inesquec\u00edveis - fa\u00e7a seu pedido hoje mesmo!<\/p><p>\u00a0<\/p>\t\t\t\t\t\t\t\t<\/div>\n\t\t\t\t<\/div>\n\t\t\t\t\t<\/div>\n\t\t\t\t<\/div>\n\t\t\t\t<\/div>","protected":false},"excerpt":{"rendered":"<p>Celebre a eleg\u00e2ncia atemporal com nosso <strong>Anel de eternidade em prata esterlina 925<\/strong>. Esse anel requintado combina o brilho das pedras de esmeralda com o brilho da zirc\u00f4nia branca, criando um design de tirar o f\u00f4lego que chama a aten\u00e7\u00e3o e admira\u00e7\u00e3o.<\/p>","protected":false},"featured_media":236,"comment_status":"open","ping_status":"closed","template":"","meta":{"_kad_post_transparent":"","_kad_post_title":"","_kad_post_layout":"","_kad_post_sidebar_id":"","_kad_post_content_style":"","_kad_post_vertical_padding":"","_kad_post_feature":"","_kad_post_feature_position":"","_kad_post_header":false,"_kad_post_footer":false},"product_brand":[],"product_cat":[16,89,17,21,67,15],"product_tag":[18,31,22,28],"class_list":{"0":"post-40","1":"product","2":"type-product","3":"status-publish","4":"has-post-thumbnail","6":"product_cat-emerald-ring","7":"product_cat-engagement-and-wedding","8":"product_cat-engagement-ring","9":"product_cat-eternity-band","10":"product_cat-lab-grown-gemstones-ring","11":"product_cat-rings","12":"product_tag-emerald-ring","13":"product_tag-engagement-ring","14":"product_tag-eternity-band","15":"product_tag-zircon-ring","17":"first","18":"instock","19":"shipping-taxable","20":"purchasable","21":"product-type-variable","22":"entry","23":"content-bg","24":"loop-entry"},"aioseo_notices":[],"_links":{"self":[{"href":"https:\/\/emeraldsring.com\/pt\/wp-json\/wp\/v2\/product\/40","targetHints":{"allow":["GET"]}}],"collection":[{"href":"https:\/\/emeraldsring.com\/pt\/wp-json\/wp\/v2\/product"}],"about":[{"href":"https:\/\/emeraldsring.com\/pt\/wp-json\/wp\/v2\/types\/product"}],"replies":[{"embeddable":true,"href":"https:\/\/emeraldsring.com\/pt\/wp-json\/wp\/v2\/comments?post=40"}],"version-history":[{"count":9,"href":"https:\/\/emeraldsring.com\/pt\/wp-json\/wp\/v2\/product\/40\/revisions"}],"predecessor-version":[{"id":1445,"href":"https:\/\/emeraldsring.com\/pt\/wp-json\/wp\/v2\/product\/40\/revisions\/1445"}],"wp:featuredmedia":[{"embeddable":true,"href":"https:\/\/emeraldsring.com\/pt\/wp-json\/wp\/v2\/media\/236"}],"wp:attachment":[{"href":"https:\/\/emeraldsring.com\/pt\/wp-json\/wp\/v2\/media?parent=40"}],"wp:term":[{"taxonomy":"product_brand","embeddable":true,"href":"https:\/\/emeraldsring.com\/pt\/wp-json\/wp\/v2\/product_brand?post=40"},{"taxonomy":"product_cat","embeddable":true,"href":"https:\/\/emeraldsring.com\/pt\/wp-json\/wp\/v2\/product_cat?post=40"},{"taxonomy":"product_tag","embeddable":true,"href":"https:\/\/emeraldsring.com\/pt\/wp-json\/wp\/v2\/product_tag?post=40"}],"curies":[{"name":"wp","href":"https:\/\/api.w.org\/{rel}","templated":true}]}}