{"id":642,"date":"2025-02-06T07:49:41","date_gmt":"2025-02-06T02:49:41","guid":{"rendered":"https:\/\/emeraldsring.com\/?post_type=product&#038;p=642"},"modified":"2025-04-28T19:59:35","modified_gmt":"2025-04-28T14:59:35","slug":"natural-emerald-ring-gold-merald-engagement-ring-emerald-jewelry","status":"publish","type":"product","link":"https:\/\/emeraldsring.com\/pt\/produto\/natural-emerald-ring-gold-merald-engagement-ring-emerald-jewelry\/","title":{"rendered":"Anel de esmeralda natural Anel de noivado de esmeralda em ouro Joias de esmeralda"},"content":{"rendered":"<div data-elementor-type=\"product-post\" data-elementor-id=\"642\" class=\"elementor elementor-642\" data-elementor-post-type=\"product\">\n\t\t\t\t<div class=\"elementor-element elementor-element-f533d6c e-flex e-con-boxed e-con e-parent\" data-id=\"f533d6c\" data-element_type=\"container\">\n\t\t\t\t\t<div class=\"e-con-inner\">\n\t\t\t\t<div class=\"elementor-element elementor-element-75a4b70 elementor-widget elementor-widget-text-editor\" data-id=\"75a4b70\" data-element_type=\"widget\" data-widget_type=\"text-editor.default\">\n\t\t\t\t<div class=\"elementor-widget-container\">\n\t\t\t\t\t\t\t\t\t<p>Entre na eleg\u00e2ncia com este deslumbrante <strong>Anel de esmeralda<\/strong> com uma deslumbrante pedra esmeralda natural engastada em um luxuoso ouro 14K. Conhecida por sua cor verde profunda e fasc\u00ednio cativante, a esmeralda \u00e9 um s\u00edmbolo de harmonia, crescimento e amor. Esse anel deslumbrante \u00e9 a express\u00e3o perfeita de compromisso e sofistica\u00e7\u00e3o - quer voc\u00ea esteja procurando um anel atemporal ou um anel de ouro. <strong>anel de noivado<\/strong> ou uma pe\u00e7a de destaque para elevar sua cole\u00e7\u00e3o de joias.<\/p><p><strong>Caracter\u00edsticas do produto:<\/strong><\/p><ul><li><strong>Material<\/strong>: Feito com ouro 14K premium, proporcionando durabilidade e um acabamento rico e cl\u00e1ssico que complementa a cor verde vibrante da esmeralda.<\/li><li><strong>Pedra<\/strong>: Esmeralda natural, cuidadosamente lapidada para destacar seu brilho cativante. A tonalidade verde profunda \u00e9 uma prova do apelo atemporal da pedra preciosa.<\/li><li><strong>Design<\/strong>: Design elegante e minimalista da pulseira que permite que a esmeralda brilhe. Sua configura\u00e7\u00e3o elegante e refinada o torna perfeito tanto para uso casual quanto formal.<\/li><li><strong>Perfeito para noivados<\/strong>: Ideal como um anel de noivado \u00fanico e significativo, representando amor, compromisso e renova\u00e7\u00e3o.<\/li><li><strong>Joias vers\u00e1teis<\/strong>: Uma bela pe\u00e7a que pode ser usada diariamente ou em ocasi\u00f5es especiais - seu design atemporal a torna um complemento perfeito para qualquer cole\u00e7\u00e3o de joias.<\/li><\/ul><p>Isso <strong>Anel de esmeralda<\/strong> \u00e9 mais do que apenas uma pe\u00e7a de joalheria - \u00e9 um s\u00edmbolo de amor duradouro, beleza e for\u00e7a. N\u00e3o perca a oportunidade de ter esse requintado anel de esmeralda que deixar\u00e1 uma impress\u00e3o duradoura. Pe\u00e7a o seu hoje e celebre os momentos mais preciosos da vida com estilo!<\/p>\t\t\t\t\t\t\t\t<\/div>\n\t\t\t\t<\/div>\n\t\t\t\t\t<\/div>\n\t\t\t\t<\/div>\n\t\t\t\t<\/div>","protected":false},"excerpt":{"rendered":"<p><strong>DETALHES do produto:<\/strong><br \/>\nMetal: Prata 925k<br \/>\nPedra preciosa: Esmeralda natural bruta<br \/>\nCor da gema: verde<br \/>\nCor da pulseira: Ouro amarelo<br \/>\nTamanho do anel: Ajust\u00e1vel<br \/>\nDi\u00e2metro do tamanho da pedra: 3,5*3,5 mm<br \/>\nClaridade: Muito levemente incluso<br \/>\nForma: Princesa<br \/>\nCorte: Brilhante misto<\/p>","protected":false},"featured_media":1387,"comment_status":"open","ping_status":"closed","template":"","meta":{"_kad_post_transparent":"","_kad_post_title":"","_kad_post_layout":"","_kad_post_sidebar_id":"","_kad_post_content_style":"","_kad_post_vertical_padding":"","_kad_post_feature":"","_kad_post_feature_position":"","_kad_post_header":false,"_kad_post_footer":false},"product_brand":[],"product_cat":[15,16,56,69],"product_tag":[],"class_list":{"0":"post-642","1":"product","2":"type-product","3":"status-publish","4":"has-post-thumbnail","6":"product_cat-rings","7":"product_cat-emerald-ring","8":"product_cat-princess","9":"product_cat-solitaire","11":"first","12":"instock","13":"shipping-taxable","14":"purchasable","15":"product-type-simple","16":"entry","17":"content-bg","18":"loop-entry"},"aioseo_notices":[],"_links":{"self":[{"href":"https:\/\/emeraldsring.com\/pt\/wp-json\/wp\/v2\/product\/642","targetHints":{"allow":["GET"]}}],"collection":[{"href":"https:\/\/emeraldsring.com\/pt\/wp-json\/wp\/v2\/product"}],"about":[{"href":"https:\/\/emeraldsring.com\/pt\/wp-json\/wp\/v2\/types\/product"}],"replies":[{"embeddable":true,"href":"https:\/\/emeraldsring.com\/pt\/wp-json\/wp\/v2\/comments?post=642"}],"version-history":[{"count":7,"href":"https:\/\/emeraldsring.com\/pt\/wp-json\/wp\/v2\/product\/642\/revisions"}],"predecessor-version":[{"id":1388,"href":"https:\/\/emeraldsring.com\/pt\/wp-json\/wp\/v2\/product\/642\/revisions\/1388"}],"wp:featuredmedia":[{"embeddable":true,"href":"https:\/\/emeraldsring.com\/pt\/wp-json\/wp\/v2\/media\/1387"}],"wp:attachment":[{"href":"https:\/\/emeraldsring.com\/pt\/wp-json\/wp\/v2\/media?parent=642"}],"wp:term":[{"taxonomy":"product_brand","embeddable":true,"href":"https:\/\/emeraldsring.com\/pt\/wp-json\/wp\/v2\/product_brand?post=642"},{"taxonomy":"product_cat","embeddable":true,"href":"https:\/\/emeraldsring.com\/pt\/wp-json\/wp\/v2\/product_cat?post=642"},{"taxonomy":"product_tag","embeddable":true,"href":"https:\/\/emeraldsring.com\/pt\/wp-json\/wp\/v2\/product_tag?post=642"}],"curies":[{"name":"wp","href":"https:\/\/api.w.org\/{rel}","templated":true}]}}