{"id":652,"date":"2025-02-06T09:15:43","date_gmt":"2025-02-06T04:15:43","guid":{"rendered":"https:\/\/emeraldsring.com\/?post_type=product&#038;p=652"},"modified":"2025-04-28T19:59:33","modified_gmt":"2025-04-28T14:59:33","slug":"real-emerald-ring-natural-pear-cut-emerald-engagement-rings","status":"publish","type":"product","link":"https:\/\/emeraldsring.com\/pt\/produto\/real-emerald-ring-natural-pear-cut-emerald-engagement-rings\/","title":{"rendered":"Anel de esmeralda real An\u00e9is de noivado de esmeralda com corte de pera natural"},"content":{"rendered":"<div data-elementor-type=\"product-post\" data-elementor-id=\"652\" class=\"elementor elementor-652\" data-elementor-post-type=\"product\">\n\t\t\t\t<div class=\"elementor-element elementor-element-480490f e-flex e-con-boxed e-con e-parent\" data-id=\"480490f\" data-element_type=\"container\">\n\t\t\t\t\t<div class=\"e-con-inner\">\n\t\t<div class=\"elementor-element elementor-element-c3d3325 e-con-full e-flex e-con e-child\" data-id=\"c3d3325\" data-element_type=\"container\">\n\t\t\t\t<div class=\"elementor-element elementor-element-b1535a4 elementor-widget elementor-widget-video\" data-id=\"b1535a4\" data-element_type=\"widget\" data-settings=\"{&quot;youtube_url&quot;:&quot;https:\\\/\\\/youtube.com\\\/watch?v=jFitQebESKg&quot;,&quot;loop&quot;:&quot;yes&quot;,&quot;video_type&quot;:&quot;youtube&quot;,&quot;controls&quot;:&quot;yes&quot;}\" data-widget_type=\"video.default\">\n\t\t\t\t<div class=\"elementor-widget-container\">\n\t\t\t\t\t\t\t<div class=\"elementor-wrapper elementor-open-inline\">\n\t\t\t<div class=\"elementor-video\"><\/div>\t\t<\/div>\n\t\t\t\t\t\t<\/div>\n\t\t\t\t<\/div>\n\t\t\t\t<\/div>\n\t\t\t\t<div class=\"elementor-element elementor-element-41d33d2 elementor-widget elementor-widget-text-editor\" data-id=\"41d33d2\" data-element_type=\"widget\" data-widget_type=\"text-editor.default\">\n\t\t\t\t<div class=\"elementor-widget-container\">\n\t\t\t\t\t\t\t\t\t<p>Descubra a combina\u00e7\u00e3o perfeita de eleg\u00e2ncia e beleza atemporal com este impressionante <strong>Anel de esmeralda<\/strong>. Apresentando um genu\u00edno corte em pera <strong>esmeralda natural<\/strong>Essa pe\u00e7a requintada \u00e9 colocada em uma pulseira finamente trabalhada para criar um design surpreendentemente sofisticado. Se estiver procurando uma pe\u00e7a \u00fanica <strong>anel de noivado<\/strong> ou uma pe\u00e7a de destaque para adicionar \u00e0 sua cole\u00e7\u00e3o, esse anel de esmeralda captura a ess\u00eancia do luxo refinado e da gra\u00e7a.<\/p><p><strong>Caracter\u00edsticas do produto:<\/strong><\/p><ul><li><strong>Material<\/strong>: Fabricado habilmente com materiais de alta qualidade, oferecendo durabilidade e brilho duradouro. A pulseira complementa perfeitamente o verde vibrante da esmeralda.<\/li><li><strong>Pedra<\/strong>: Esmeralda genu\u00edna e natural com um design cativante de corte em pera. A rica tonalidade verde da pedra e o corte brilhante fazem dela um verdadeiro destaque.<\/li><li><strong>Design<\/strong>: Um toque moderno em um design cl\u00e1ssico, a esmeralda com corte em pera \u00e9 elegantemente colocada para permitir a reflex\u00e3o m\u00e1xima da luz, criando um efeito deslumbrante em todos os \u00e2ngulos.<\/li><li><strong>Pronto para o noivado<\/strong>: A escolha ideal para um anel de noivado, que representa crescimento, amor e harmonia, tornando-o um s\u00edmbolo verdadeiramente significativo para seu momento especial.<\/li><li><strong>Beleza vers\u00e1til<\/strong>: Perfeito para uso di\u00e1rio ou como pe\u00e7a para ocasi\u00f5es especiais, esse anel de esmeralda \u00e9 um complemento vers\u00e1til para qualquer cole\u00e7\u00e3o de joias.<\/li><\/ul><p>Isso <strong>Anel de esmeralda<\/strong> \u00e9 o ep\u00edtome da gra\u00e7a e do luxo, projetado para ser apreciado por toda a vida. N\u00e3o perca a chance de ter esse anel excepcional - encomende hoje mesmo e experimente a eleg\u00e2ncia inigual\u00e1vel de uma esmeralda natural!<\/p>\t\t\t\t\t\t\t\t<\/div>\n\t\t\t\t<\/div>\n\t\t\t\t\t<\/div>\n\t\t\t\t<\/div>\n\t\t\t\t<\/div>","protected":false},"excerpt":{"rendered":"<p><strong>DETALHES do produto:<\/strong><br \/>\nMetal: Prata 925k<br \/>\nPedra preciosa: Esmeralda natural bruta<br \/>\nCor da gema: verde<br \/>\nCor da pulseira: ouro branco<br \/>\nTamanho do anel: Ajust\u00e1vel<br \/>\nDi\u00e2metro do tamanho da pedra: 5*7 mm<br \/>\nClaridade: Muito levemente incluso<br \/>\nForma: Pera<br \/>\nCorte: Brilhante misto<\/p>","protected":false},"featured_media":1304,"comment_status":"open","ping_status":"closed","template":"","meta":{"_kad_post_transparent":"","_kad_post_title":"","_kad_post_layout":"","_kad_post_sidebar_id":"","_kad_post_content_style":"","_kad_post_vertical_padding":"","_kad_post_feature":"","_kad_post_feature_position":"","_kad_post_header":false,"_kad_post_footer":false},"product_brand":[],"product_cat":[17,66,68,24,15],"product_tag":[],"class_list":{"0":"post-652","1":"product","2":"type-product","3":"status-publish","4":"has-post-thumbnail","6":"product_cat-engagement-ring","7":"product_cat-natural-gemstones-ring","8":"product_cat-pave","9":"product_cat-ring","10":"product_cat-rings","12":"first","13":"instock","14":"shipping-taxable","15":"purchasable","16":"product-type-simple","17":"entry","18":"content-bg","19":"loop-entry"},"aioseo_notices":[],"_links":{"self":[{"href":"https:\/\/emeraldsring.com\/pt\/wp-json\/wp\/v2\/product\/652","targetHints":{"allow":["GET"]}}],"collection":[{"href":"https:\/\/emeraldsring.com\/pt\/wp-json\/wp\/v2\/product"}],"about":[{"href":"https:\/\/emeraldsring.com\/pt\/wp-json\/wp\/v2\/types\/product"}],"replies":[{"embeddable":true,"href":"https:\/\/emeraldsring.com\/pt\/wp-json\/wp\/v2\/comments?post=652"}],"version-history":[{"count":9,"href":"https:\/\/emeraldsring.com\/pt\/wp-json\/wp\/v2\/product\/652\/revisions"}],"predecessor-version":[{"id":1497,"href":"https:\/\/emeraldsring.com\/pt\/wp-json\/wp\/v2\/product\/652\/revisions\/1497"}],"wp:featuredmedia":[{"embeddable":true,"href":"https:\/\/emeraldsring.com\/pt\/wp-json\/wp\/v2\/media\/1304"}],"wp:attachment":[{"href":"https:\/\/emeraldsring.com\/pt\/wp-json\/wp\/v2\/media?parent=652"}],"wp:term":[{"taxonomy":"product_brand","embeddable":true,"href":"https:\/\/emeraldsring.com\/pt\/wp-json\/wp\/v2\/product_brand?post=652"},{"taxonomy":"product_cat","embeddable":true,"href":"https:\/\/emeraldsring.com\/pt\/wp-json\/wp\/v2\/product_cat?post=652"},{"taxonomy":"product_tag","embeddable":true,"href":"https:\/\/emeraldsring.com\/pt\/wp-json\/wp\/v2\/product_tag?post=652"}],"curies":[{"name":"wp","href":"https:\/\/api.w.org\/{rel}","templated":true}]}}