{"id":661,"date":"2025-02-06T10:30:27","date_gmt":"2025-02-06T05:30:27","guid":{"rendered":"https:\/\/emeraldsring.com\/?post_type=product&#038;p=661"},"modified":"2025-04-28T19:59:31","modified_gmt":"2025-04-28T14:59:31","slug":"emerald-oval-cut-ring-sterling-silver-real-emerald-engagement-ring","status":"publish","type":"product","link":"https:\/\/emeraldsring.com\/pt\/produto\/emerald-oval-cut-ring-sterling-silver-real-emerald-engagement-ring\/","title":{"rendered":"Anel de corte oval de esmeralda Anel de noivado de prata esterlina com esmeralda verdadeira"},"content":{"rendered":"<div data-elementor-type=\"product-post\" data-elementor-id=\"661\" class=\"elementor elementor-661\" data-elementor-post-type=\"product\">\n\t\t\t\t<div class=\"elementor-element elementor-element-1ddb17d e-flex e-con-boxed e-con e-parent\" data-id=\"1ddb17d\" data-element_type=\"container\">\n\t\t\t\t\t<div class=\"e-con-inner\">\n\t\t<div class=\"elementor-element elementor-element-1af08f7 e-flex e-con-boxed e-con e-child\" data-id=\"1af08f7\" data-element_type=\"container\">\n\t\t\t\t\t<div class=\"e-con-inner\">\n\t\t\t\t<div class=\"elementor-element elementor-element-10aefb8 elementor-widget elementor-widget-video\" data-id=\"10aefb8\" data-element_type=\"widget\" data-settings=\"{&quot;youtube_url&quot;:&quot;https:\\\/\\\/www.youtube.com\\\/watch?v=K4cHhRuwjkk&quot;,&quot;loop&quot;:&quot;yes&quot;,&quot;video_type&quot;:&quot;youtube&quot;,&quot;controls&quot;:&quot;yes&quot;}\" data-widget_type=\"video.default\">\n\t\t\t\t<div class=\"elementor-widget-container\">\n\t\t\t\t\t\t\t<div class=\"elementor-wrapper elementor-open-inline\">\n\t\t\t<div class=\"elementor-video\"><\/div>\t\t<\/div>\n\t\t\t\t\t\t<\/div>\n\t\t\t\t<\/div>\n\t\t\t\t\t<\/div>\n\t\t\t\t<\/div>\n\t\t\t\t<div class=\"elementor-element elementor-element-5afc5ee elementor-widget elementor-widget-text-editor\" data-id=\"5afc5ee\" data-element_type=\"widget\" data-widget_type=\"text-editor.default\">\n\t\t\t\t<div class=\"elementor-widget-container\">\n\t\t\t\t\t\t\t\t\t<h3>Emerald Oval-Cut Ring - Anel de noivado de prata esterlina com esmeralda verdadeira<\/h3><p>Delicie-se com a beleza e a sofistica\u00e7\u00e3o desse deslumbrante <strong>Anel de esmeralda<\/strong>com um brilhante corte oval <strong>esmeralda natural<\/strong> em prata esterlina de alta qualidade. Essa pe\u00e7a requintada foi projetada para chamar a aten\u00e7\u00e3o com seu design arrojado, por\u00e9m elegante, o que a torna a escolha perfeita para uma festa de anivers\u00e1rio. <strong>anel de noivado<\/strong> ou um presente para qualquer ocasi\u00e3o especial. O verde vibrante da esmeralda simboliza o amor, a renova\u00e7\u00e3o e o crescimento, trazendo beleza e significado \u00e0 sua cole\u00e7\u00e3o de joias.<\/p><p><strong>Caracter\u00edsticas do produto:<\/strong><\/p><ul><li><strong>Material<\/strong>: Feito com prata esterlina hipoalerg\u00eanica de alta qualidade, garantindo durabilidade e conforto para o uso di\u00e1rio.<\/li><li><strong>Pedra<\/strong>: Uma esmeralda natural radiante de corte oval com uma tonalidade verde profunda, mostrando a beleza e a raridade dessa pedra preciosa atemporal.<\/li><li><strong>Design<\/strong>: Cl\u00e1ssica e refinada, a esmeralda de corte oval \u00e9 lindamente colocada em uma elegante pulseira de prata, permitindo que a pedra brilhe a cada movimento. Sua simplicidade elegante o torna perfeito para gostos modernos e tradicionais.<\/li><li><strong>Perfeito para noivados<\/strong>: Uma escolha significativa para um anel de noivado, simbolizando amor e compromisso eternos. Esse anel certamente conquistar\u00e1 o cora\u00e7\u00e3o de seu parceiro.<\/li><li><strong>Vers\u00e1til e atemporal<\/strong>: Seja usado como anel de noivado ou como pe\u00e7a de destaque, esse anel de esmeralda se encaixa perfeitamente em qualquer cole\u00e7\u00e3o, tornando-o ideal tanto para uso di\u00e1rio quanto para ocasi\u00f5es especiais.<\/li><\/ul><p>Deixe que a beleza natural deste <strong>Anel de esmeralda<\/strong> brilhe em sua vida, trazendo eleg\u00e2ncia e significado aos seus momentos mais preciosos. N\u00e3o espere - garanta essa pe\u00e7a atemporal hoje mesmo e cause uma impress\u00e3o duradoura!<\/p>\t\t\t\t\t\t\t\t<\/div>\n\t\t\t\t<\/div>\n\t\t\t\t\t<\/div>\n\t\t\t\t<\/div>\n\t\t\t\t<\/div>","protected":false},"excerpt":{"rendered":"<p><strong>DETALHES do produto:<\/strong><br \/>\nMetal: Prata 925k<br \/>\nPedra preciosa: Esmeralda natural bruta<br \/>\nCor da gema: verde<br \/>\nCor da pulseira: ouro branco<br \/>\nTamanho do anel: Ajust\u00e1vel<br \/>\nDi\u00e2metro da pedra: 8\u00d76 mm<br \/>\nClaridade: Muito levemente incluso<br \/>\nForma: Oval<br \/>\nCorte: Brilhante misto<\/p>","protected":false},"featured_media":1307,"comment_status":"open","ping_status":"closed","template":"","meta":{"_kad_post_transparent":"","_kad_post_title":"","_kad_post_layout":"","_kad_post_sidebar_id":"","_kad_post_content_style":"","_kad_post_vertical_padding":"","_kad_post_feature":"","_kad_post_feature_position":"","_kad_post_header":false,"_kad_post_footer":false},"product_brand":[],"product_cat":[17,66,20,15,69],"product_tag":[],"class_list":{"0":"post-661","1":"product","2":"type-product","3":"status-publish","4":"has-post-thumbnail","6":"product_cat-engagement-ring","7":"product_cat-natural-gemstones-ring","8":"product_cat-oval-ring","9":"product_cat-rings","10":"product_cat-solitaire","12":"first","13":"instock","14":"shipping-taxable","15":"purchasable","16":"product-type-simple","17":"entry","18":"content-bg","19":"loop-entry"},"aioseo_notices":[],"_links":{"self":[{"href":"https:\/\/emeraldsring.com\/pt\/wp-json\/wp\/v2\/product\/661","targetHints":{"allow":["GET"]}}],"collection":[{"href":"https:\/\/emeraldsring.com\/pt\/wp-json\/wp\/v2\/product"}],"about":[{"href":"https:\/\/emeraldsring.com\/pt\/wp-json\/wp\/v2\/types\/product"}],"replies":[{"embeddable":true,"href":"https:\/\/emeraldsring.com\/pt\/wp-json\/wp\/v2\/comments?post=661"}],"version-history":[{"count":11,"href":"https:\/\/emeraldsring.com\/pt\/wp-json\/wp\/v2\/product\/661\/revisions"}],"predecessor-version":[{"id":1308,"href":"https:\/\/emeraldsring.com\/pt\/wp-json\/wp\/v2\/product\/661\/revisions\/1308"}],"wp:featuredmedia":[{"embeddable":true,"href":"https:\/\/emeraldsring.com\/pt\/wp-json\/wp\/v2\/media\/1307"}],"wp:attachment":[{"href":"https:\/\/emeraldsring.com\/pt\/wp-json\/wp\/v2\/media?parent=661"}],"wp:term":[{"taxonomy":"product_brand","embeddable":true,"href":"https:\/\/emeraldsring.com\/pt\/wp-json\/wp\/v2\/product_brand?post=661"},{"taxonomy":"product_cat","embeddable":true,"href":"https:\/\/emeraldsring.com\/pt\/wp-json\/wp\/v2\/product_cat?post=661"},{"taxonomy":"product_tag","embeddable":true,"href":"https:\/\/emeraldsring.com\/pt\/wp-json\/wp\/v2\/product_tag?post=661"}],"curies":[{"name":"wp","href":"https:\/\/api.w.org\/{rel}","templated":true}]}}