{"id":669,"date":"2025-02-06T10:54:05","date_gmt":"2025-02-06T05:54:05","guid":{"rendered":"https:\/\/emeraldsring.com\/?post_type=product&#038;p=669"},"modified":"2025-04-28T19:59:26","modified_gmt":"2025-04-28T14:59:26","slug":"natural-emerald-ring-925-sterling-silver-emerald-wedding-rings","status":"publish","type":"product","link":"https:\/\/emeraldsring.com\/pt\/produto\/natural-emerald-ring-925-sterling-silver-emerald-wedding-rings\/","title":{"rendered":"Anel de esmeralda natural An\u00e9is de casamento de esmeralda em prata esterlina 925"},"content":{"rendered":"<div data-elementor-type=\"product-post\" data-elementor-id=\"669\" class=\"elementor elementor-669\" data-elementor-post-type=\"product\">\n\t\t\t\t<div class=\"elementor-element elementor-element-6430e29 e-flex e-con-boxed e-con e-parent\" data-id=\"6430e29\" data-element_type=\"container\">\n\t\t\t\t\t<div class=\"e-con-inner\">\n\t\t<div class=\"elementor-element elementor-element-9281524 e-con-full e-flex e-con e-child\" data-id=\"9281524\" data-element_type=\"container\">\n\t\t\t\t<div class=\"elementor-element elementor-element-2ea63bd elementor-widget elementor-widget-video\" data-id=\"2ea63bd\" data-element_type=\"widget\" data-settings=\"{&quot;youtube_url&quot;:&quot;https:\\\/\\\/www.youtube.com\\\/watch?v=VZxuqZDJxRs&quot;,&quot;video_type&quot;:&quot;youtube&quot;,&quot;controls&quot;:&quot;yes&quot;}\" data-widget_type=\"video.default\">\n\t\t\t\t<div class=\"elementor-widget-container\">\n\t\t\t\t\t\t\t<div class=\"elementor-wrapper elementor-open-inline\">\n\t\t\t<div class=\"elementor-video\"><\/div>\t\t<\/div>\n\t\t\t\t\t\t<\/div>\n\t\t\t\t<\/div>\n\t\t\t\t<\/div>\n\t\t\t\t<div class=\"elementor-element elementor-element-c60ec35 elementor-widget elementor-widget-text-editor\" data-id=\"c60ec35\" data-element_type=\"widget\" data-widget_type=\"text-editor.default\">\n\t\t\t\t<div class=\"elementor-widget-container\">\n\t\t\t\t\t\t\t\t\t<p>Comemore o amor eterno com este requintado <strong>Anel de esmeralda<\/strong>O anel \u00e9 feito em luxuosa prata esterlina 925. Apresentando uma esmeralda natural deslumbrante, esse anel \u00e9 a escolha perfeita para uma festa de anivers\u00e1rio. <strong>alian\u00e7a de casamento<\/strong>O anel de esmeralda \u00e9 um anel de noivado, ou um presente significativo para guardar para sempre. O verde intenso da esmeralda simboliza crescimento, amor e vitalidade, tornando-a uma pe\u00e7a atemporal que sempre o lembrar\u00e1 dos momentos mais bonitos da vida.<\/p><p><strong>Caracter\u00edsticas do produto:<\/strong><\/p><ul><li><strong>Material<\/strong>: Especialmente trabalhada em prata esterlina 925, garantindo durabilidade, conforto e um brilho duradouro. A base perfeita para destacar a vibrante pedra esmeralda.<\/li><li><strong>Pedra<\/strong>: Esmeralda natural genu\u00edna, cuidadosamente selecionada por sua impressionante tonalidade verde e clareza. O brilho da pedra preciosa \u00e9 real\u00e7ado pela elegante configura\u00e7\u00e3o, tornando-a o ponto focal do design.<\/li><li><strong>Design<\/strong>: Com um design cl\u00e1ssico, por\u00e9m moderno, a esmeralda \u00e9 lindamente colocada na pulseira de prata esterlina, oferecendo um visual sofisticado e elegante. Seu apelo atemporal o torna adequado para qualquer ocasi\u00e3o.<\/li><li><strong>Perfeito para casamentos<\/strong>: Um perfeito <strong>alian\u00e7a de casamento<\/strong> para representar seu amor e compromisso. A cor verde profunda da esmeralda incorpora harmonia e crescimento, tornando-a um s\u00edmbolo inesquec\u00edvel de sua jornada juntos.<\/li><li><strong>Beleza vers\u00e1til<\/strong>: Seja para uso di\u00e1rio ou em ocasi\u00f5es especiais, este <strong>Anel de esmeralda<\/strong> acrescenta um toque de luxo e eleg\u00e2ncia a qualquer conjunto. Seu design discreto combina perfeitamente com qualquer traje, do casual ao formal.<\/li><\/ul><p>Esse impressionante <strong>Anel de esmeralda<\/strong> \u00e9 mais do que apenas uma joia; \u00e9 um s\u00edmbolo de amor, vitalidade e compromisso que ser\u00e1 apreciado por toda a vida. N\u00e3o perca a chance de ter essa pe\u00e7a atemporal - fa\u00e7a seu pedido hoje e celebre seus momentos especiais com eleg\u00e2ncia inigual\u00e1vel.<\/p>\t\t\t\t\t\t\t\t<\/div>\n\t\t\t\t<\/div>\n\t\t\t\t\t<\/div>\n\t\t\t\t<\/div>\n\t\t\t\t<\/div>","protected":false},"excerpt":{"rendered":"<p><strong>DETALHES do produto:<\/strong><br \/>\nMetal: Prata 925k<br \/>\nPedra preciosa: Esmeralda natural bruta<br \/>\nCor da gema: verde<br \/>\nCor da pulseira: ouro branco<br \/>\nTamanho do anel: Ajust\u00e1vel<br \/>\nDi\u00e2metro do tamanho da pedra: 8*6 mm<br \/>\nClaridade: Muito levemente incluso<br \/>\nForma: Oval<br \/>\nCorte: Brilhante misto<\/p>\n<div id=\"gtx-trans\" style=\"position: absolute; left: 61px; top: 183px;\">\n<div class=\"gtx-trans-icon\"><\/div>\n<\/div>","protected":false},"featured_media":1313,"comment_status":"open","ping_status":"closed","template":"","meta":{"_kad_post_transparent":"","_kad_post_title":"","_kad_post_layout":"","_kad_post_sidebar_id":"","_kad_post_content_style":"","_kad_post_vertical_padding":"","_kad_post_feature":"","_kad_post_feature_position":"","_kad_post_header":false,"_kad_post_footer":false},"product_brand":[],"product_cat":[16,17,70,77,66,20,15],"product_tag":[],"class_list":{"0":"post-669","1":"product","2":"type-product","3":"status-publish","4":"has-post-thumbnail","6":"product_cat-emerald-ring","7":"product_cat-engagement-ring","8":"product_cat-halo-ring","9":"product_cat-lady-diana","10":"product_cat-natural-gemstones-ring","11":"product_cat-oval-ring","12":"product_cat-rings","14":"first","15":"instock","16":"shipping-taxable","17":"purchasable","18":"product-type-simple","19":"entry","20":"content-bg","21":"loop-entry"},"aioseo_notices":[],"_links":{"self":[{"href":"https:\/\/emeraldsring.com\/pt\/wp-json\/wp\/v2\/product\/669","targetHints":{"allow":["GET"]}}],"collection":[{"href":"https:\/\/emeraldsring.com\/pt\/wp-json\/wp\/v2\/product"}],"about":[{"href":"https:\/\/emeraldsring.com\/pt\/wp-json\/wp\/v2\/types\/product"}],"replies":[{"embeddable":true,"href":"https:\/\/emeraldsring.com\/pt\/wp-json\/wp\/v2\/comments?post=669"}],"version-history":[{"count":8,"href":"https:\/\/emeraldsring.com\/pt\/wp-json\/wp\/v2\/product\/669\/revisions"}],"predecessor-version":[{"id":1315,"href":"https:\/\/emeraldsring.com\/pt\/wp-json\/wp\/v2\/product\/669\/revisions\/1315"}],"wp:featuredmedia":[{"embeddable":true,"href":"https:\/\/emeraldsring.com\/pt\/wp-json\/wp\/v2\/media\/1313"}],"wp:attachment":[{"href":"https:\/\/emeraldsring.com\/pt\/wp-json\/wp\/v2\/media?parent=669"}],"wp:term":[{"taxonomy":"product_brand","embeddable":true,"href":"https:\/\/emeraldsring.com\/pt\/wp-json\/wp\/v2\/product_brand?post=669"},{"taxonomy":"product_cat","embeddable":true,"href":"https:\/\/emeraldsring.com\/pt\/wp-json\/wp\/v2\/product_cat?post=669"},{"taxonomy":"product_tag","embeddable":true,"href":"https:\/\/emeraldsring.com\/pt\/wp-json\/wp\/v2\/product_tag?post=669"}],"curies":[{"name":"wp","href":"https:\/\/api.w.org\/{rel}","templated":true}]}}