{"id":678,"date":"2025-02-06T11:18:47","date_gmt":"2025-02-06T06:18:47","guid":{"rendered":"https:\/\/emeraldsring.com\/?post_type=product&#038;p=678"},"modified":"2025-04-28T19:59:23","modified_gmt":"2025-04-28T14:59:23","slug":"oval-cut-emerald-wedding-ring-delicate-halo-emerald-engagement-ring","status":"publish","type":"product","link":"https:\/\/emeraldsring.com\/pt\/produto\/oval-cut-emerald-wedding-ring-delicate-halo-emerald-engagement-ring\/","title":{"rendered":"Anel de casamento de esmeralda com corte oval Anel de noivado de esmeralda com halo delicado"},"content":{"rendered":"<div data-elementor-type=\"product-post\" data-elementor-id=\"678\" class=\"elementor elementor-678\" data-elementor-post-type=\"product\">\n\t\t\t\t<div class=\"elementor-element elementor-element-f45e610 e-flex e-con-boxed e-con e-parent\" data-id=\"f45e610\" data-element_type=\"container\" data-e-type=\"container\">\n\t\t\t\t\t<div class=\"e-con-inner\">\n\t\t<div class=\"elementor-element elementor-element-12d3643 e-con-full e-flex e-con e-child\" data-id=\"12d3643\" data-element_type=\"container\" data-e-type=\"container\">\n\t\t\t\t<div class=\"elementor-element elementor-element-fcdeffe elementor-widget elementor-widget-video\" data-id=\"fcdeffe\" data-element_type=\"widget\" data-e-type=\"widget\" data-settings=\"{&quot;youtube_url&quot;:&quot;https:\\\/\\\/www.youtube.com\\\/watch?v=cFAumQdIoEo&quot;,&quot;video_type&quot;:&quot;youtube&quot;,&quot;controls&quot;:&quot;yes&quot;}\" data-widget_type=\"video.default\">\n\t\t\t\t<div class=\"elementor-widget-container\">\n\t\t\t\t\t\t\t<div class=\"elementor-wrapper elementor-open-inline\">\n\t\t\t<div class=\"elementor-video\"><\/div>\t\t<\/div>\n\t\t\t\t\t\t<\/div>\n\t\t\t\t<\/div>\n\t\t\t\t<\/div>\n\t\t\t\t<div class=\"elementor-element elementor-element-f2a293c elementor-widget elementor-widget-text-editor\" data-id=\"f2a293c\" data-element_type=\"widget\" data-e-type=\"widget\" data-widget_type=\"text-editor.default\">\n\t\t\t\t<div class=\"elementor-widget-container\">\n\t\t\t\t\t\t\t\t\t<p>Capture a ess\u00eancia da eleg\u00e2ncia atemporal com este deslumbrante <strong>Anel de esmeralda<\/strong>com um impressionante corte oval <strong>esmeralda natural<\/strong> rodeado por um delicado halo de pedras cintilantes. Com um conjunto de metal de alta qualidade, esse anel combina o charme vintage com a sofistica\u00e7\u00e3o moderna, o que o torna o anel perfeito para o seu uso. <strong>anel de noivado<\/strong> para algu\u00e9m realmente especial. A rica tonalidade verde da esmeralda simboliza crescimento, amor e harmonia - criando uma pe\u00e7a significativa e inesquec\u00edvel para marcar sua hist\u00f3ria de amor.<\/p><p><strong>Caracter\u00edsticas do produto:<\/strong><\/p><ul><li><strong>Material<\/strong>: Fabricado em metal premium (escolha sua op\u00e7\u00e3o de metal preferida), oferecendo durabilidade e um acabamento luxuoso que complementa a esmeralda vibrante.<\/li><li><strong>Pedra<\/strong>: Esmeralda natural de corte oval, selecionada por sua clareza e rica e cativante tonalidade verde. A pedra \u00e9 elegantemente circundada por um halo de pedras cintilantes, real\u00e7ando seu brilho e criando um efeito verdadeiramente atraente.<\/li><li><strong>Design<\/strong>: A esmeralda de corte oval no centro, cercada por um delicado halo, oferece um visual de inspira\u00e7\u00e3o vintage que \u00e9 ao mesmo tempo rom\u00e2ntico e sofisticado. Seu design cl\u00e1ssico faz com que seja ideal para <strong>anel de noivado<\/strong> para simbolizar seu amor eterno.<\/li><li><strong>Perfeito para noivados<\/strong>: Com sua impressionante pe\u00e7a central em esmeralda e detalhes em aur\u00e9ola, este <strong>Anel de esmeralda<\/strong> \u00e9 uma escolha requintada para quem procura um anel de noivado \u00fanico e significativo que se destaque da multid\u00e3o.<\/li><li><strong>Eleg\u00e2ncia vers\u00e1til<\/strong>: Seja usado diariamente ou em ocasi\u00f5es especiais, a beleza atemporal e o design delicado desse anel o tornam um complemento perfeito para qualquer cole\u00e7\u00e3o de joias.<\/li><\/ul><p>Isso <strong>Anel de noivado de esmeralda<\/strong> \u00e9 um s\u00edmbolo de seu amor e compromisso eternos. N\u00e3o perca a oportunidade de ter essa pe\u00e7a deslumbrante - encomende hoje mesmo e torne seu pedido de casamento ou comemora\u00e7\u00e3o inesquec\u00edvel.<\/p>\t\t\t\t\t\t\t\t<\/div>\n\t\t\t\t<\/div>\n\t\t\t\t\t<\/div>\n\t\t\t\t<\/div>\n\t\t\t\t<\/div>","protected":false},"excerpt":{"rendered":"<p>DETALHES do produto:<br \/>\nMetal: Prata 925k<br \/>\nPedra preciosa: Esmeralda natural bruta<br \/>\nCor da gema: verde<br \/>\nCor da pulseira: ouro branco<br \/>\nTamanho do anel: Ajust\u00e1vel<br \/>\nDi\u00e2metro do tamanho da pedra: 6*8 mm<br \/>\nClaridade: Muito levemente incluso<br \/>\nForma: Oval<br \/>\nCorte: Brilhante misto<\/p>\n<div id=\"gtx-trans\" style=\"position: absolute; left: 62px; top: 183px;\">\n<div class=\"gtx-trans-icon\"><\/div>\n<\/div>","protected":false},"featured_media":1316,"comment_status":"open","ping_status":"closed","template":"","meta":{"_kad_post_transparent":"","_kad_post_title":"","_kad_post_layout":"","_kad_post_sidebar_id":"","_kad_post_content_style":"","_kad_post_vertical_padding":"","_kad_post_feature":"","_kad_post_feature_position":"","_kad_post_header":false,"_kad_post_footer":false},"product_brand":[],"product_cat":[17,70,77,66,20,15],"product_tag":[],"class_list":{"0":"post-678","1":"product","2":"type-product","3":"status-publish","4":"has-post-thumbnail","6":"product_cat-engagement-ring","7":"product_cat-halo-ring","8":"product_cat-lady-diana","9":"product_cat-natural-gemstones-ring","10":"product_cat-oval-ring","11":"product_cat-rings","13":"first","14":"instock","15":"shipping-taxable","16":"purchasable","17":"product-type-simple","18":"entry","19":"content-bg","20":"loop-entry"},"aioseo_notices":[],"_links":{"self":[{"href":"https:\/\/emeraldsring.com\/pt\/wp-json\/wp\/v2\/product\/678","targetHints":{"allow":["GET"]}}],"collection":[{"href":"https:\/\/emeraldsring.com\/pt\/wp-json\/wp\/v2\/product"}],"about":[{"href":"https:\/\/emeraldsring.com\/pt\/wp-json\/wp\/v2\/types\/product"}],"replies":[{"embeddable":true,"href":"https:\/\/emeraldsring.com\/pt\/wp-json\/wp\/v2\/comments?post=678"}],"version-history":[{"count":12,"href":"https:\/\/emeraldsring.com\/pt\/wp-json\/wp\/v2\/product\/678\/revisions"}],"predecessor-version":[{"id":1433,"href":"https:\/\/emeraldsring.com\/pt\/wp-json\/wp\/v2\/product\/678\/revisions\/1433"}],"wp:featuredmedia":[{"embeddable":true,"href":"https:\/\/emeraldsring.com\/pt\/wp-json\/wp\/v2\/media\/1316"}],"wp:attachment":[{"href":"https:\/\/emeraldsring.com\/pt\/wp-json\/wp\/v2\/media?parent=678"}],"wp:term":[{"taxonomy":"product_brand","embeddable":true,"href":"https:\/\/emeraldsring.com\/pt\/wp-json\/wp\/v2\/product_brand?post=678"},{"taxonomy":"product_cat","embeddable":true,"href":"https:\/\/emeraldsring.com\/pt\/wp-json\/wp\/v2\/product_cat?post=678"},{"taxonomy":"product_tag","embeddable":true,"href":"https:\/\/emeraldsring.com\/pt\/wp-json\/wp\/v2\/product_tag?post=678"}],"curies":[{"name":"wp","href":"https:\/\/api.w.org\/{rel}","templated":true}]}}