{"id":687,"date":"2025-02-06T11:36:34","date_gmt":"2025-02-06T06:36:34","guid":{"rendered":"https:\/\/emeraldsring.com\/?post_type=product&#038;p=687"},"modified":"2025-04-28T19:59:20","modified_gmt":"2025-04-28T14:59:20","slug":"natural-emerald-ring-emerald-engagement-ring-jewelry-gemstone-ring","status":"publish","type":"product","link":"https:\/\/emeraldsring.com\/pt\/produto\/natural-emerald-ring-emerald-engagement-ring-jewelry-gemstone-ring\/","title":{"rendered":"Anel de diamante de esmeralda natural Anel de noivado de esmeralda Anel de pedra preciosa"},"content":{"rendered":"<div data-elementor-type=\"product-post\" data-elementor-id=\"687\" class=\"elementor elementor-687\" data-elementor-post-type=\"product\">\n\t\t\t\t<div class=\"elementor-element elementor-element-dc2c7bd e-flex e-con-boxed e-con e-parent\" data-id=\"dc2c7bd\" data-element_type=\"container\">\n\t\t\t\t\t<div class=\"e-con-inner\">\n\t\t<div class=\"elementor-element elementor-element-e12ea1d e-con-full e-flex e-con e-child\" data-id=\"e12ea1d\" data-element_type=\"container\">\n\t\t\t\t<div class=\"elementor-element elementor-element-afc401b elementor-widget elementor-widget-video\" data-id=\"afc401b\" data-element_type=\"widget\" data-settings=\"{&quot;youtube_url&quot;:&quot;https:\\\/\\\/www.youtube.com\\\/watch?v=yLprattVis8&quot;,&quot;loop&quot;:&quot;yes&quot;,&quot;video_type&quot;:&quot;youtube&quot;,&quot;controls&quot;:&quot;yes&quot;}\" data-widget_type=\"video.default\">\n\t\t\t\t<div class=\"elementor-widget-container\">\n\t\t\t\t\t\t\t<div class=\"elementor-wrapper elementor-open-inline\">\n\t\t\t<div class=\"elementor-video\"><\/div>\t\t<\/div>\n\t\t\t\t\t\t<\/div>\n\t\t\t\t<\/div>\n\t\t\t\t<\/div>\n\t\t\t\t<div class=\"elementor-element elementor-element-b8c7be0 elementor-widget elementor-widget-text-editor\" data-id=\"b8c7be0\" data-element_type=\"widget\" data-widget_type=\"text-editor.default\">\n\t\t\t\t<div class=\"elementor-widget-container\">\n\t\t\t\t\t\t\t\t\t<p>Torne sua hist\u00f3ria de amor inesquec\u00edvel com esse requintado <strong>Anel de esmeralda<\/strong>com uma cativante esmeralda natural engastada em uma pulseira lindamente trabalhada. Conhecida por sua tonalidade verde profunda e vibrante, a esmeralda \u00e9 um s\u00edmbolo de amor, renova\u00e7\u00e3o e harmonia, o que a torna a pedra preciosa perfeita para um casamento. <strong>anel de noivado<\/strong> que durar\u00e1 por toda a vida. Quer esteja comemorando um momento especial ou querendo fazer a pergunta, este <strong>Anel de noivado de esmeralda<\/strong> com certeza deixar\u00e1 uma impress\u00e3o duradoura.<\/p><p><strong>Caracter\u00edsticas do produto:<\/strong><\/p><ul><li><strong>Material<\/strong>: Especialmente trabalhada em metal de alta qualidade (escolha sua op\u00e7\u00e3o preferida), proporcionando um equil\u00edbrio perfeito entre durabilidade e eleg\u00e2ncia para exibir a pedra esmeralda.<\/li><li><strong>Pedra<\/strong>: Uma esmeralda genu\u00edna e natural, cuidadosamente selecionada por sua cor verde v\u00edvida e clareza impressionante. A rica pedra esmeralda \u00e9 a pe\u00e7a central desse anel, exalando beleza e sofistica\u00e7\u00e3o.<\/li><li><strong>Design<\/strong>: Um design cl\u00e1ssico e refinado que permite que a esmeralda brilhe. Sua simplicidade e eleg\u00e2ncia a tornam a escolha ideal para um estilo de vida moderno. <strong>anel de noivado<\/strong> ou um complemento impressionante para qualquer cole\u00e7\u00e3o de joias.<\/li><li><strong>S\u00edmbolo do amor<\/strong>: A esmeralda \u00e9 um s\u00edmbolo de renova\u00e7\u00e3o, lealdade e amor eterno, tornando esse anel uma pe\u00e7a significativa para simbolizar seu compromisso.<\/li><li><strong>Perfeito para noivados<\/strong>: Este <strong>Anel de noivado de esmeralda<\/strong> \u00e9 ideal para quem busca uma maneira \u00fanica, significativa e bonita de pedir amor para toda a vida. \u00c9 uma pe\u00e7a de destaque que vai cativar o cora\u00e7\u00e3o de seu parceiro.<\/li><\/ul><p>Comemore seu amor com esse extraordin\u00e1rio <strong>Anel de esmeralda<\/strong>A pe\u00e7a \u00e9 uma express\u00e3o impressionante de beleza e profundo significado emocional. Fa\u00e7a seu pedido hoje e torne cada momento memor\u00e1vel com essa pe\u00e7a atemporal!<\/p>\t\t\t\t\t\t\t\t<\/div>\n\t\t\t\t<\/div>\n\t\t\t\t\t<\/div>\n\t\t\t\t<\/div>\n\t\t\t\t<\/div>","protected":false},"excerpt":{"rendered":"<p><strong>DETALHES do produto:<\/strong><br \/>\nMetal: Prata 925k<br \/>\nPedra preciosa: Esmeralda natural bruta<br \/>\nCor da gema: verde<br \/>\nCor da pulseira: ouro branco<br \/>\nTamanho do anel: Ajust\u00e1vel<br \/>\nDi\u00e2metro da pedra: 8\u00d76 mm<br \/>\nClaridade: Muito levemente incluso<br \/>\nForma: Oval<br \/>\nCorte: Brilhante misto<\/p>\n<div id=\"gtx-trans\" style=\"position: absolute; left: 71px; top: 183px;\">\n<div class=\"gtx-trans-icon\"><\/div>\n<\/div>","protected":false},"featured_media":1326,"comment_status":"open","ping_status":"closed","template":"","meta":{"_kad_post_transparent":"","_kad_post_title":"","_kad_post_layout":"","_kad_post_sidebar_id":"","_kad_post_content_style":"","_kad_post_vertical_padding":"","_kad_post_feature":"","_kad_post_feature_position":"","_kad_post_header":false,"_kad_post_footer":false},"product_brand":[],"product_cat":[16,17,70,77,66,20,15,69],"product_tag":[],"class_list":{"0":"post-687","1":"product","2":"type-product","3":"status-publish","4":"has-post-thumbnail","6":"product_cat-emerald-ring","7":"product_cat-engagement-ring","8":"product_cat-halo-ring","9":"product_cat-lady-diana","10":"product_cat-natural-gemstones-ring","11":"product_cat-oval-ring","12":"product_cat-rings","13":"product_cat-solitaire","15":"first","16":"instock","17":"shipping-taxable","18":"purchasable","19":"product-type-simple","20":"entry","21":"content-bg","22":"loop-entry"},"aioseo_notices":[],"_links":{"self":[{"href":"https:\/\/emeraldsring.com\/pt\/wp-json\/wp\/v2\/product\/687","targetHints":{"allow":["GET"]}}],"collection":[{"href":"https:\/\/emeraldsring.com\/pt\/wp-json\/wp\/v2\/product"}],"about":[{"href":"https:\/\/emeraldsring.com\/pt\/wp-json\/wp\/v2\/types\/product"}],"replies":[{"embeddable":true,"href":"https:\/\/emeraldsring.com\/pt\/wp-json\/wp\/v2\/comments?post=687"}],"version-history":[{"count":9,"href":"https:\/\/emeraldsring.com\/pt\/wp-json\/wp\/v2\/product\/687\/revisions"}],"predecessor-version":[{"id":1328,"href":"https:\/\/emeraldsring.com\/pt\/wp-json\/wp\/v2\/product\/687\/revisions\/1328"}],"wp:featuredmedia":[{"embeddable":true,"href":"https:\/\/emeraldsring.com\/pt\/wp-json\/wp\/v2\/media\/1326"}],"wp:attachment":[{"href":"https:\/\/emeraldsring.com\/pt\/wp-json\/wp\/v2\/media?parent=687"}],"wp:term":[{"taxonomy":"product_brand","embeddable":true,"href":"https:\/\/emeraldsring.com\/pt\/wp-json\/wp\/v2\/product_brand?post=687"},{"taxonomy":"product_cat","embeddable":true,"href":"https:\/\/emeraldsring.com\/pt\/wp-json\/wp\/v2\/product_cat?post=687"},{"taxonomy":"product_tag","embeddable":true,"href":"https:\/\/emeraldsring.com\/pt\/wp-json\/wp\/v2\/product_tag?post=687"}],"curies":[{"name":"wp","href":"https:\/\/api.w.org\/{rel}","templated":true}]}}