{"id":696,"date":"2025-02-06T12:19:23","date_gmt":"2025-02-06T07:19:23","guid":{"rendered":"https:\/\/emeraldsring.com\/?post_type=product&#038;p=696"},"modified":"2025-05-16T20:01:33","modified_gmt":"2025-05-16T15:01:33","slug":"emerald-engagement-ring-for-women-oval-cut-emerald-ring","status":"publish","type":"product","link":"https:\/\/emeraldsring.com\/pt\/produto\/emerald-engagement-ring-for-women-oval-cut-emerald-ring\/","title":{"rendered":"Anel de noivado de esmeralda para mulheres Anel de esmeralda de corte oval"},"content":{"rendered":"<div data-elementor-type=\"product-post\" data-elementor-id=\"696\" class=\"elementor elementor-696\" data-elementor-post-type=\"product\">\n\t\t\t\t<div class=\"elementor-element elementor-element-f04444d e-flex e-con-boxed e-con e-parent\" data-id=\"f04444d\" data-element_type=\"container\" data-e-type=\"container\">\n\t\t\t\t\t<div class=\"e-con-inner\">\n\t\t\t\t<div class=\"elementor-element elementor-element-d114533 elementor-widget elementor-widget-text-editor\" data-id=\"d114533\" data-element_type=\"widget\" data-e-type=\"widget\" data-widget_type=\"text-editor.default\">\n\t\t\t\t<div class=\"elementor-widget-container\">\n\t\t\t\t\t\t\t\t\t<p>Diga \"sim\" \u00e0 eleg\u00e2ncia e \u00e0 beleza atemporal com este deslumbrante <strong>Anel de noivado de esmeralda<\/strong>. Apresentando um cativante corte oval <strong>esmeralda natural<\/strong>Esse anel requintado foi projetado para ser t\u00e3o \u00fanico e especial quanto sua hist\u00f3ria de amor. O verde vibrante da esmeralda simboliza a esperan\u00e7a, a renova\u00e7\u00e3o e o amor duradouro, tornando-a a pedra preciosa perfeita para um anel de amor. <strong>anel de noivado<\/strong> que ser\u00e3o apreciados para sempre.<\/p><p><strong>Caracter\u00edsticas do produto:<\/strong><\/p><ul><li><strong>Material<\/strong>: Fabricado com metal de alta qualidade (escolha sua op\u00e7\u00e3o preferida), esse anel oferece durabilidade e um acabamento refinado que complementa a impressionante pedra esmeralda.<\/li><li><strong>Pedra<\/strong>: Esmeralda natural genu\u00edna, com corte oval, selecionada por sua impressionante clareza e rica tonalidade verde. A cor vibrante da esmeralda certamente chamar\u00e1 a aten\u00e7\u00e3o e brilhar\u00e1 lindamente sob qualquer luz.<\/li><li><strong>Design<\/strong>: A elegante esmeralda de corte oval \u00e9 elegantemente colocada em uma pulseira delicada, oferecendo um design cl\u00e1ssico e refinado que se adapta tanto ao gosto moderno quanto ao tradicional. A configura\u00e7\u00e3o simples, por\u00e9m sofisticada, garante que a esmeralda continue sendo o ponto focal do anel.<\/li><li><strong>Perfeito para noivados<\/strong>: Simbolizando o amor e a eternidade, este <strong>Anel de noivado de esmeralda<\/strong> \u00e9 a escolha ideal para casais que desejam um anel distinto e significativo para marcar seu momento especial.<\/li><li><strong>Beleza atemporal<\/strong>: A eleg\u00e2ncia duradoura da esmeralda de corte oval, combinada com o design atemporal, garante que esse anel ser\u00e1 admirado por muitos anos.<\/li><\/ul><p>Deixe seu amor brilhar com esse excepcional <strong>Anel de esmeralda<\/strong>um s\u00edmbolo impressionante e significativo de seu compromisso. Fa\u00e7a seu pedido hoje e torne sua proposta inesquec\u00edvel com essa linda pe\u00e7a \u00fanica.<\/p>\t\t\t\t\t\t\t\t<\/div>\n\t\t\t\t<\/div>\n\t\t\t\t\t<\/div>\n\t\t\t\t<\/div>\n\t\t\t\t<\/div>","protected":false},"excerpt":{"rendered":"<p>DETALHES do produto:<br \/>\nMetal: Prata 925k<br \/>\nPedra preciosa: Esmeralda natural bruta<br \/>\nCor da gema: verde<br \/>\nCor da pulseira: ouro branco<br \/>\nTamanho do anel: Ajust\u00e1vel<br \/>\nDi\u00e2metro do tamanho da pedra: 4\u00d75 mm<br \/>\nClaridade: Muito levemente incluso<br \/>\nForma: Oval<br \/>\nCorte: Brilhante misto<\/p>","protected":false},"featured_media":1330,"comment_status":"open","ping_status":"closed","template":"","meta":{"_kad_post_transparent":"","_kad_post_title":"","_kad_post_layout":"","_kad_post_sidebar_id":"","_kad_post_content_style":"","_kad_post_vertical_padding":"","_kad_post_feature":"","_kad_post_feature_position":"","_kad_post_header":false,"_kad_post_footer":false},"product_brand":[],"product_cat":[16,17,66,20,15,69],"product_tag":[],"class_list":{"0":"post-696","1":"product","2":"type-product","3":"status-publish","4":"has-post-thumbnail","6":"product_cat-emerald-ring","7":"product_cat-engagement-ring","8":"product_cat-natural-gemstones-ring","9":"product_cat-oval-ring","10":"product_cat-rings","11":"product_cat-solitaire","13":"first","14":"instock","15":"shipping-taxable","16":"purchasable","17":"product-type-simple","18":"entry","19":"content-bg","20":"loop-entry"},"aioseo_notices":[],"_links":{"self":[{"href":"https:\/\/emeraldsring.com\/pt\/wp-json\/wp\/v2\/product\/696","targetHints":{"allow":["GET"]}}],"collection":[{"href":"https:\/\/emeraldsring.com\/pt\/wp-json\/wp\/v2\/product"}],"about":[{"href":"https:\/\/emeraldsring.com\/pt\/wp-json\/wp\/v2\/types\/product"}],"replies":[{"embeddable":true,"href":"https:\/\/emeraldsring.com\/pt\/wp-json\/wp\/v2\/comments?post=696"}],"version-history":[{"count":6,"href":"https:\/\/emeraldsring.com\/pt\/wp-json\/wp\/v2\/product\/696\/revisions"}],"predecessor-version":[{"id":1329,"href":"https:\/\/emeraldsring.com\/pt\/wp-json\/wp\/v2\/product\/696\/revisions\/1329"}],"wp:featuredmedia":[{"embeddable":true,"href":"https:\/\/emeraldsring.com\/pt\/wp-json\/wp\/v2\/media\/1330"}],"wp:attachment":[{"href":"https:\/\/emeraldsring.com\/pt\/wp-json\/wp\/v2\/media?parent=696"}],"wp:term":[{"taxonomy":"product_brand","embeddable":true,"href":"https:\/\/emeraldsring.com\/pt\/wp-json\/wp\/v2\/product_brand?post=696"},{"taxonomy":"product_cat","embeddable":true,"href":"https:\/\/emeraldsring.com\/pt\/wp-json\/wp\/v2\/product_cat?post=696"},{"taxonomy":"product_tag","embeddable":true,"href":"https:\/\/emeraldsring.com\/pt\/wp-json\/wp\/v2\/product_tag?post=696"}],"curies":[{"name":"wp","href":"https:\/\/api.w.org\/{rel}","templated":true}]}}