{"id":704,"date":"2025-02-06T12:43:34","date_gmt":"2025-02-06T07:43:34","guid":{"rendered":"https:\/\/emeraldsring.com\/?post_type=product&#038;p=704"},"modified":"2025-04-28T19:59:16","modified_gmt":"2025-04-28T14:59:16","slug":"oval-cut-emerald-wedding-ring-natural-emerald-engagement-ring","status":"publish","type":"product","link":"https:\/\/emeraldsring.com\/pt\/produto\/oval-cut-emerald-wedding-ring-natural-emerald-engagement-ring\/","title":{"rendered":"Anel de casamento com esmeralda de corte oval Anel de noivado com esmeralda natural"},"content":{"rendered":"<div data-elementor-type=\"product-post\" data-elementor-id=\"704\" class=\"elementor elementor-704\" data-elementor-post-type=\"product\">\n\t\t\t\t<div class=\"elementor-element elementor-element-6712ec6 e-flex e-con-boxed e-con e-parent\" data-id=\"6712ec6\" data-element_type=\"container\" data-e-type=\"container\">\n\t\t\t\t\t<div class=\"e-con-inner\">\n\t\t\t\t<div class=\"elementor-element elementor-element-79fb3c4 elementor-widget elementor-widget-text-editor\" data-id=\"79fb3c4\" data-element_type=\"widget\" data-e-type=\"widget\" data-widget_type=\"text-editor.default\">\n\t\t\t\t<div class=\"elementor-widget-container\">\n\t\t\t\t\t\t\t\t\t<p>Comemore seu amor com a beleza atemporal deste <strong>Anel de esmeralda<\/strong>. Apresentando uma impressionante <strong>esmeralda de corte oval<\/strong>Esse elegante anel combina o brilho da esmeralda com um design cl\u00e1ssico, o que o torna o anel perfeito para o seu uso. <strong>alian\u00e7a de casamento<\/strong> ou <strong>anel de noivado<\/strong>. A tonalidade verde profunda da esmeralda simboliza o amor, a renova\u00e7\u00e3o e o compromisso, tornando-a a pedra preciosa ideal para representar o v\u00ednculo que voc\u00ea compartilha com seu parceiro.<\/p><p><strong>Caracter\u00edsticas do produto:<\/strong><\/p><ul><li><strong>Material<\/strong>: Fabricado com metal premium (escolha sua op\u00e7\u00e3o preferida), oferecendo um brilho duradouro e um design robusto que complementa a vibrante pedra esmeralda.<\/li><li><strong>Pedra<\/strong>: Uma esmeralda genu\u00edna, natural e de corte oval, com uma cor verde hipnotizante, selecionada por sua clareza e brilho. Essa pedra chamativa certamente chamar\u00e1 a aten\u00e7\u00e3o e dar\u00e1 um toque de sofistica\u00e7\u00e3o a qualquer ocasi\u00e3o.<\/li><li><strong>Design<\/strong>: A esmeralda cl\u00e1ssica de corte oval \u00e9 colocada em uma pulseira elegante, permitindo que a pedra ocupe o centro do palco. Seu design refinado \u00e9 perfeito para quem procura um anel de casamento ou de noivado que incorpore eleg\u00e2ncia e significado.<\/li><li><strong>Perfeito para casamentos e noivados<\/strong>: Este <strong>Anel de esmeralda<\/strong> \u00e9 uma alternativa significativa e exclusiva aos an\u00e9is de diamante tradicionais. A esmeralda representa o amor eterno, tornando-a um s\u00edmbolo inesquec\u00edvel para seu dia especial.<\/li><li><strong>Eleg\u00e2ncia vers\u00e1til<\/strong>: Seja como um <strong>alian\u00e7a de casamento<\/strong> ou <strong>anel de noivado<\/strong>Esse deslumbrante anel de esmeralda certamente se tornar\u00e1 uma parte querida de sua hist\u00f3ria de amor. Seu design atemporal garante que ele ser\u00e1 valorizado por muitos anos.<\/li><\/ul><p>Torne seu compromisso inesquec\u00edvel com este deslumbrante <strong>Anel de esmeralda<\/strong>. Fa\u00e7a seu pedido hoje e crie mem\u00f3rias duradouras com um s\u00edmbolo de amor que brilhar\u00e1 para sempre.<\/p>\t\t\t\t\t\t\t\t<\/div>\n\t\t\t\t<\/div>\n\t\t\t\t\t<\/div>\n\t\t\t\t<\/div>\n\t\t\t\t<\/div>","protected":false},"excerpt":{"rendered":"<p><strong>DETALHES do produto:<\/strong><br \/>\nMetal: Prata 925k<br \/>\nPedra preciosa: Esmeralda natural bruta<br \/>\nCor da gema: verde<br \/>\nCor da pulseira: ouro branco<br \/>\nTamanho do anel: Ajust\u00e1vel<br \/>\nDi\u00e2metro do tamanho da pedra: 6*4 mm<br \/>\nClaridade: Muito levemente incluso<br \/>\nForma: Pera<br \/>\nCorte: Brilhante misto<\/p>\n<div id=\"gtx-trans\" style=\"position: absolute; left: -13px; top: 159px;\">\n<div class=\"gtx-trans-icon\"><\/div>\n<\/div>","protected":false},"featured_media":1333,"comment_status":"open","ping_status":"closed","template":"","meta":{"_kad_post_transparent":"","_kad_post_title":"","_kad_post_layout":"","_kad_post_sidebar_id":"","_kad_post_content_style":"","_kad_post_vertical_padding":"","_kad_post_feature":"","_kad_post_feature_position":"","_kad_post_header":false,"_kad_post_footer":false},"product_brand":[],"product_cat":[16,17,70,66,20,15],"product_tag":[],"class_list":{"0":"post-704","1":"product","2":"type-product","3":"status-publish","4":"has-post-thumbnail","6":"product_cat-emerald-ring","7":"product_cat-engagement-ring","8":"product_cat-halo-ring","9":"product_cat-natural-gemstones-ring","10":"product_cat-oval-ring","11":"product_cat-rings","13":"first","14":"instock","15":"shipping-taxable","16":"purchasable","17":"product-type-simple","18":"entry","19":"content-bg","20":"loop-entry"},"aioseo_notices":[],"_links":{"self":[{"href":"https:\/\/emeraldsring.com\/pt\/wp-json\/wp\/v2\/product\/704","targetHints":{"allow":["GET"]}}],"collection":[{"href":"https:\/\/emeraldsring.com\/pt\/wp-json\/wp\/v2\/product"}],"about":[{"href":"https:\/\/emeraldsring.com\/pt\/wp-json\/wp\/v2\/types\/product"}],"replies":[{"embeddable":true,"href":"https:\/\/emeraldsring.com\/pt\/wp-json\/wp\/v2\/comments?post=704"}],"version-history":[{"count":5,"href":"https:\/\/emeraldsring.com\/pt\/wp-json\/wp\/v2\/product\/704\/revisions"}],"predecessor-version":[{"id":1335,"href":"https:\/\/emeraldsring.com\/pt\/wp-json\/wp\/v2\/product\/704\/revisions\/1335"}],"wp:featuredmedia":[{"embeddable":true,"href":"https:\/\/emeraldsring.com\/pt\/wp-json\/wp\/v2\/media\/1333"}],"wp:attachment":[{"href":"https:\/\/emeraldsring.com\/pt\/wp-json\/wp\/v2\/media?parent=704"}],"wp:term":[{"taxonomy":"product_brand","embeddable":true,"href":"https:\/\/emeraldsring.com\/pt\/wp-json\/wp\/v2\/product_brand?post=704"},{"taxonomy":"product_cat","embeddable":true,"href":"https:\/\/emeraldsring.com\/pt\/wp-json\/wp\/v2\/product_cat?post=704"},{"taxonomy":"product_tag","embeddable":true,"href":"https:\/\/emeraldsring.com\/pt\/wp-json\/wp\/v2\/product_tag?post=704"}],"curies":[{"name":"wp","href":"https:\/\/api.w.org\/{rel}","templated":true}]}}