{"id":713,"date":"2025-02-06T12:56:36","date_gmt":"2025-02-06T07:56:36","guid":{"rendered":"https:\/\/emeraldsring.com\/?post_type=product&#038;p=713"},"modified":"2025-04-28T19:59:14","modified_gmt":"2025-04-28T14:59:14","slug":"vintage-ring-natural-emerald-engagement-ring-for-women","status":"publish","type":"product","link":"https:\/\/emeraldsring.com\/pt\/produto\/vintage-ring-natural-emerald-engagement-ring-for-women\/","title":{"rendered":"Anel Vintage Anel de noivado de esmeralda natural para mulheres"},"content":{"rendered":"<div data-elementor-type=\"product-post\" data-elementor-id=\"713\" class=\"elementor elementor-713\" data-elementor-post-type=\"product\">\n\t\t\t\t<div class=\"elementor-element elementor-element-cc57142 e-flex e-con-boxed e-con e-parent\" data-id=\"cc57142\" data-element_type=\"container\">\n\t\t\t\t\t<div class=\"e-con-inner\">\n\t\t<div class=\"elementor-element elementor-element-0beac35 e-con-full e-flex e-con e-child\" data-id=\"0beac35\" data-element_type=\"container\">\n\t\t\t\t<div class=\"elementor-element elementor-element-b9c00e6 elementor-widget elementor-widget-video\" data-id=\"b9c00e6\" data-element_type=\"widget\" data-settings=\"{&quot;youtube_url&quot;:&quot;https:\\\/\\\/youtube.com\\\/watch?v=XnwEhzvkVrA&quot;,&quot;loop&quot;:&quot;yes&quot;,&quot;video_type&quot;:&quot;youtube&quot;,&quot;controls&quot;:&quot;yes&quot;}\" data-widget_type=\"video.default\">\n\t\t\t\t<div class=\"elementor-widget-container\">\n\t\t\t\t\t\t\t<div class=\"elementor-wrapper elementor-open-inline\">\n\t\t\t<div class=\"elementor-video\"><\/div>\t\t<\/div>\n\t\t\t\t\t\t<\/div>\n\t\t\t\t<\/div>\n\t\t\t\t<\/div>\n\t\t\t\t<div class=\"elementor-element elementor-element-c0ef2a5 elementor-widget elementor-widget-text-editor\" data-id=\"c0ef2a5\" data-element_type=\"widget\" data-widget_type=\"text-editor.default\">\n\t\t\t\t<div class=\"elementor-widget-container\">\n\t\t\t\t\t\t\t\t\t<p>Descubra uma mistura de charme cl\u00e1ssico e eleg\u00e2ncia moderna com este impressionante <strong>Anel de esmeralda<\/strong>. Apresentando uma esmeralda natural genu\u00edna em uma pulseira com design intrincado de inspira\u00e7\u00e3o vintage, esse anel \u00e9 perfeito para quem busca um toque de eleg\u00e2ncia. <strong>alian\u00e7a de casamento<\/strong> ou <strong>anel de noivado<\/strong> que seja t\u00e3o \u00fanico e belo quanto seu amor. O verde intenso da esmeralda simboliza vitalidade, amor e renascimento, o que a torna uma escolha significativa para marcar os momentos mais importantes da vida.<\/p><p><strong>Caracter\u00edsticas do produto:<\/strong><\/p><ul><li><strong>Material<\/strong>: Cuidadosamente trabalhado em metal de alta qualidade (escolha sua op\u00e7\u00e3o preferida), garantindo um acabamento dur\u00e1vel e radiante que real\u00e7a a beleza natural da esmeralda.<\/li><li><strong>Pedra<\/strong>: Uma esmeralda natural genu\u00edna e vibrante com tons verdes profundos, habilmente lapidada para destacar seu brilho e transpar\u00eancia. A esmeralda \u00e9 o ponto focal desse design, exalando beleza e charme atemporais.<\/li><li><strong>Design<\/strong>: A pulseira de inspira\u00e7\u00e3o vintage apresenta detalhes delicados, criando um cen\u00e1rio \u00fanico e rom\u00e2ntico para a esmeralda. Esse design intrincado capta a ess\u00eancia da beleza cl\u00e1ssica e, ao mesmo tempo, oferece um toque contempor\u00e2neo, tornando-o perfeito para noivas modernas ou para qualquer pessoa que esteja procurando um destaque <strong>alian\u00e7a de casamento<\/strong>.<\/li><li><strong>Perfeito para noivados e casamentos<\/strong>: Este <strong>Anel de noivado de esmeralda<\/strong> \u00e9 uma alternativa perfeita aos an\u00e9is de diamante tradicionais. Ele representa amor, esperan\u00e7a e compromisso, o que o torna um s\u00edmbolo significativo e inesquec\u00edvel para seu dia especial.<\/li><li><strong>Eleg\u00e2ncia atemporal<\/strong>: O design vintage garante que esse anel de esmeralda nunca sair\u00e1 de moda. \u00c9 uma pe\u00e7a que ser\u00e1 apreciada por muitas gera\u00e7\u00f5es.<\/li><\/ul><p>Isso <strong>Anel de esmeralda<\/strong> \u00e9 uma celebra\u00e7\u00e3o do amor, da tradi\u00e7\u00e3o e da beleza atemporal. Torne seu compromisso inesquec\u00edvel com esse deslumbrante anel de esmeralda de inspira\u00e7\u00e3o vintage. Fa\u00e7a seu pedido hoje e deixe sua hist\u00f3ria de amor brilhar com um anel que \u00e9 verdadeiramente \u00fanico.<\/p>\t\t\t\t\t\t\t\t<\/div>\n\t\t\t\t<\/div>\n\t\t\t\t\t<\/div>\n\t\t\t\t<\/div>\n\t\t\t\t<\/div>","protected":false},"excerpt":{"rendered":"<p>DETALHES do produto:<br \/>\nMetal: Prata 925k<br \/>\nPedra preciosa: Esmeralda natural bruta<br \/>\nCor da gema: verde<br \/>\nCor da pulseira: ouro branco<br \/>\nTamanho do anel: Ajust\u00e1vel<br \/>\nDi\u00e2metro da pedra: 4\u00d76 mm<br \/>\nClaridade: Muito levemente incluso<br \/>\nForma: Oval<br \/>\nCorte: Brilhante misto<\/p>","protected":false},"featured_media":1336,"comment_status":"open","ping_status":"closed","template":"","meta":{"_kad_post_transparent":"","_kad_post_title":"","_kad_post_layout":"","_kad_post_sidebar_id":"","_kad_post_content_style":"","_kad_post_vertical_padding":"","_kad_post_feature":"","_kad_post_feature_position":"","_kad_post_header":false,"_kad_post_footer":false},"product_brand":[],"product_cat":[16,17,66,20,15,69],"product_tag":[],"class_list":{"0":"post-713","1":"product","2":"type-product","3":"status-publish","4":"has-post-thumbnail","6":"product_cat-emerald-ring","7":"product_cat-engagement-ring","8":"product_cat-natural-gemstones-ring","9":"product_cat-oval-ring","10":"product_cat-rings","11":"product_cat-solitaire","13":"first","14":"instock","15":"shipping-taxable","16":"purchasable","17":"product-type-simple","18":"entry","19":"content-bg","20":"loop-entry"},"aioseo_notices":[],"_links":{"self":[{"href":"https:\/\/emeraldsring.com\/pt\/wp-json\/wp\/v2\/product\/713","targetHints":{"allow":["GET"]}}],"collection":[{"href":"https:\/\/emeraldsring.com\/pt\/wp-json\/wp\/v2\/product"}],"about":[{"href":"https:\/\/emeraldsring.com\/pt\/wp-json\/wp\/v2\/types\/product"}],"replies":[{"embeddable":true,"href":"https:\/\/emeraldsring.com\/pt\/wp-json\/wp\/v2\/comments?post=713"}],"version-history":[{"count":8,"href":"https:\/\/emeraldsring.com\/pt\/wp-json\/wp\/v2\/product\/713\/revisions"}],"predecessor-version":[{"id":1503,"href":"https:\/\/emeraldsring.com\/pt\/wp-json\/wp\/v2\/product\/713\/revisions\/1503"}],"wp:featuredmedia":[{"embeddable":true,"href":"https:\/\/emeraldsring.com\/pt\/wp-json\/wp\/v2\/media\/1336"}],"wp:attachment":[{"href":"https:\/\/emeraldsring.com\/pt\/wp-json\/wp\/v2\/media?parent=713"}],"wp:term":[{"taxonomy":"product_brand","embeddable":true,"href":"https:\/\/emeraldsring.com\/pt\/wp-json\/wp\/v2\/product_brand?post=713"},{"taxonomy":"product_cat","embeddable":true,"href":"https:\/\/emeraldsring.com\/pt\/wp-json\/wp\/v2\/product_cat?post=713"},{"taxonomy":"product_tag","embeddable":true,"href":"https:\/\/emeraldsring.com\/pt\/wp-json\/wp\/v2\/product_tag?post=713"}],"curies":[{"name":"wp","href":"https:\/\/api.w.org\/{rel}","templated":true}]}}