{"id":723,"date":"2025-02-06T13:12:01","date_gmt":"2025-02-06T08:12:01","guid":{"rendered":"https:\/\/emeraldsring.com\/?post_type=product&#038;p=723"},"modified":"2025-04-28T19:59:11","modified_gmt":"2025-04-28T14:59:11","slug":"emerald-and-diamond-engagement-ring-real-emerald-cut-wedding-ring","status":"publish","type":"product","link":"https:\/\/emeraldsring.com\/pt\/produto\/emerald-and-diamond-engagement-ring-real-emerald-cut-wedding-ring\/","title":{"rendered":"Anel de noivado com esmeralda e diamante Anel de casamento com corte de esmeralda real"},"content":{"rendered":"<div data-elementor-type=\"product-post\" data-elementor-id=\"723\" class=\"elementor elementor-723\" data-elementor-post-type=\"product\">\n\t\t\t\t<div class=\"elementor-element elementor-element-f0ef98f e-flex e-con-boxed e-con e-parent\" data-id=\"f0ef98f\" data-element_type=\"container\">\n\t\t\t\t\t<div class=\"e-con-inner\">\n\t\t<div class=\"elementor-element elementor-element-6a8f9ad e-con-full e-flex e-con e-child\" data-id=\"6a8f9ad\" data-element_type=\"container\">\n\t\t\t\t<div class=\"elementor-element elementor-element-b73e62e elementor-widget elementor-widget-video\" data-id=\"b73e62e\" data-element_type=\"widget\" data-settings=\"{&quot;youtube_url&quot;:&quot;https:\\\/\\\/www.youtube.com\\\/watch?v=qawt7h9-zhc&quot;,&quot;loop&quot;:&quot;yes&quot;,&quot;video_type&quot;:&quot;youtube&quot;,&quot;controls&quot;:&quot;yes&quot;}\" data-widget_type=\"video.default\">\n\t\t\t\t<div class=\"elementor-widget-container\">\n\t\t\t\t\t\t\t<div class=\"elementor-wrapper elementor-open-inline\">\n\t\t\t<div class=\"elementor-video\"><\/div>\t\t<\/div>\n\t\t\t\t\t\t<\/div>\n\t\t\t\t<\/div>\n\t\t\t\t<\/div>\n\t\t\t\t<div class=\"elementor-element elementor-element-0a2dcde elementor-widget elementor-widget-text-editor\" data-id=\"0a2dcde\" data-element_type=\"widget\" data-widget_type=\"text-editor.default\">\n\t\t\t\t<div class=\"elementor-widget-container\">\n\t\t\t\t\t\t\t\t\t<p>Comemore seu amor com eleg\u00e2ncia e sofistica\u00e7\u00e3o incompar\u00e1veis. Este <strong>Anel de esmeralda<\/strong> combina a beleza atemporal de um verdadeiro <strong>esmeralda<\/strong> com o brilho de diamantes cintilantes, criando uma pe\u00e7a deslumbrante que \u00e9 perfeita para uma festa de anivers\u00e1rio. <strong>anel de noivado<\/strong> ou <strong>alian\u00e7a de casamento<\/strong>. A rica tonalidade verde da esmeralda, combinada com os diamantes radiantes, simboliza o amor, a paix\u00e3o e a promessa de uma vida inteira juntos - tornando-a um s\u00edmbolo verdadeiramente inesquec\u00edvel de seu compromisso.<\/p><p><strong>Caracter\u00edsticas do produto:<\/strong><\/p><ul><li><strong>Material<\/strong>: Especialmente fabricado em metal de alta qualidade (escolha sua op\u00e7\u00e3o preferida), garantindo durabilidade e um acabamento polido e luxuoso que complementa a impressionante esmeralda e os diamantes.<\/li><li><strong>Pedra<\/strong>: Uma esmeralda genu\u00edna e lindamente lapidada, escolhida por sua cor vibrante e clareza, \u00e9 real\u00e7ada por um halo de diamantes deslumbrantes que acentuam seu brilho. A combina\u00e7\u00e3o das duas pedras cria um efeito sofisticado e atraente.<\/li><li><strong>Design<\/strong>: A elegante esmeralda \u00e9 lindamente emoldurada por diamantes, criando um contraste cintilante que chama a aten\u00e7\u00e3o. Esse design equilibra a eleg\u00e2ncia cl\u00e1ssica com o luxo moderno, o que o torna ideal para o uso em qualquer ocasi\u00e3o. <strong>anel de noivado<\/strong> ou <strong>alian\u00e7a de casamento<\/strong> para aqueles que buscam algo realmente especial.<\/li><li><strong>S\u00edmbolo de amor e compromisso<\/strong>: A esmeralda representa o amor, o crescimento e a renova\u00e7\u00e3o, enquanto os diamantes simbolizam a eternidade e a for\u00e7a. Juntos, eles formam a representa\u00e7\u00e3o perfeita de um relacionamento duradouro e belo.<\/li><li><strong>Perfeito para noivados e casamentos<\/strong>: Este <strong>Anel de esmeralda e diamante<\/strong> n\u00e3o \u00e9 apenas uma op\u00e7\u00e3o impressionante para um <strong>alian\u00e7a de casamento<\/strong>mas tamb\u00e9m um <strong>anel de noivado<\/strong> que ser\u00e1 apreciado por toda a vida. Seu design atemporal garante que ele permanecer\u00e1 como um s\u00edmbolo do seu amor por gera\u00e7\u00f5es.<\/li><\/ul><p>Isso <strong>Anel de esmeralda<\/strong> \u00e9 a combina\u00e7\u00e3o perfeita de luxo, significado e beleza. N\u00e3o perca a oportunidade de tornar o dia de seu noivado ou casamento inesquec\u00edvel. Fa\u00e7a seu pedido hoje e celebre seu amor com um anel que brilha tanto quanto seu futuro juntos.<\/p>\t\t\t\t\t\t\t\t<\/div>\n\t\t\t\t<\/div>\n\t\t\t\t\t<\/div>\n\t\t\t\t<\/div>\n\t\t\t\t<\/div>","protected":false},"excerpt":{"rendered":"<p><strong>DETALHES do produto:<\/strong><br \/>\nMetal: Prata 925k<br \/>\nPedra preciosa: Esmeralda natural bruta<br \/>\nCor da gema: verde<br \/>\nCor da pulseira: ouro branco<br \/>\nTamanho do anel: Ajust\u00e1vel<br \/>\nDi\u00e2metro da pedra: 8\u00d76 mm<br \/>\nClaridade: Muito levemente incluso<br \/>\nForma: Oval<br \/>\nCorte: Brilhante misto<\/p>","protected":false},"featured_media":1339,"comment_status":"open","ping_status":"closed","template":"","meta":{"_kad_post_transparent":"","_kad_post_title":"","_kad_post_layout":"","_kad_post_sidebar_id":"","_kad_post_content_style":"","_kad_post_vertical_padding":"","_kad_post_feature":"","_kad_post_feature_position":"","_kad_post_header":false,"_kad_post_footer":false},"product_brand":[],"product_cat":[16,17,70,66,20,15],"product_tag":[],"class_list":{"0":"post-723","1":"product","2":"type-product","3":"status-publish","4":"has-post-thumbnail","6":"product_cat-emerald-ring","7":"product_cat-engagement-ring","8":"product_cat-halo-ring","9":"product_cat-natural-gemstones-ring","10":"product_cat-oval-ring","11":"product_cat-rings","13":"first","14":"instock","15":"shipping-taxable","16":"purchasable","17":"product-type-simple","18":"entry","19":"content-bg","20":"loop-entry"},"aioseo_notices":[],"_links":{"self":[{"href":"https:\/\/emeraldsring.com\/pt\/wp-json\/wp\/v2\/product\/723","targetHints":{"allow":["GET"]}}],"collection":[{"href":"https:\/\/emeraldsring.com\/pt\/wp-json\/wp\/v2\/product"}],"about":[{"href":"https:\/\/emeraldsring.com\/pt\/wp-json\/wp\/v2\/types\/product"}],"replies":[{"embeddable":true,"href":"https:\/\/emeraldsring.com\/pt\/wp-json\/wp\/v2\/comments?post=723"}],"version-history":[{"count":12,"href":"https:\/\/emeraldsring.com\/pt\/wp-json\/wp\/v2\/product\/723\/revisions"}],"predecessor-version":[{"id":1341,"href":"https:\/\/emeraldsring.com\/pt\/wp-json\/wp\/v2\/product\/723\/revisions\/1341"}],"wp:featuredmedia":[{"embeddable":true,"href":"https:\/\/emeraldsring.com\/pt\/wp-json\/wp\/v2\/media\/1339"}],"wp:attachment":[{"href":"https:\/\/emeraldsring.com\/pt\/wp-json\/wp\/v2\/media?parent=723"}],"wp:term":[{"taxonomy":"product_brand","embeddable":true,"href":"https:\/\/emeraldsring.com\/pt\/wp-json\/wp\/v2\/product_brand?post=723"},{"taxonomy":"product_cat","embeddable":true,"href":"https:\/\/emeraldsring.com\/pt\/wp-json\/wp\/v2\/product_cat?post=723"},{"taxonomy":"product_tag","embeddable":true,"href":"https:\/\/emeraldsring.com\/pt\/wp-json\/wp\/v2\/product_tag?post=723"}],"curies":[{"name":"wp","href":"https:\/\/api.w.org\/{rel}","templated":true}]}}