{"id":733,"date":"2025-02-06T13:24:57","date_gmt":"2025-02-06T08:24:57","guid":{"rendered":"https:\/\/emeraldsring.com\/?post_type=product&#038;p=733"},"modified":"2025-04-28T19:59:08","modified_gmt":"2025-04-28T14:59:08","slug":"oval-natural-emerald-and-diamond-halo-engagement-ring-emerald-ring","status":"publish","type":"product","link":"https:\/\/emeraldsring.com\/pt\/produto\/oval-natural-emerald-and-diamond-halo-engagement-ring-emerald-ring\/","title":{"rendered":"Anel de noivado oval de esmeralda natural e halo de diamante Anel de esmeralda"},"content":{"rendered":"<div data-elementor-type=\"product-post\" data-elementor-id=\"733\" class=\"elementor elementor-733\" data-elementor-post-type=\"product\">\n\t\t\t\t<div class=\"elementor-element elementor-element-fcdab58 e-flex e-con-boxed e-con e-parent\" data-id=\"fcdab58\" data-element_type=\"container\">\n\t\t\t\t\t<div class=\"e-con-inner\">\n\t\t<div class=\"elementor-element elementor-element-2e05829 e-con-full e-flex e-con e-child\" data-id=\"2e05829\" data-element_type=\"container\">\n\t\t\t\t<div class=\"elementor-element elementor-element-88e4f52 elementor-widget elementor-widget-video\" data-id=\"88e4f52\" data-element_type=\"widget\" data-settings=\"{&quot;youtube_url&quot;:&quot;https:\\\/\\\/www.youtube.com\\\/watch?v=CpZ-wETA5wI&quot;,&quot;loop&quot;:&quot;yes&quot;,&quot;video_type&quot;:&quot;youtube&quot;,&quot;controls&quot;:&quot;yes&quot;}\" data-widget_type=\"video.default\">\n\t\t\t\t<div class=\"elementor-widget-container\">\n\t\t\t\t\t\t\t<div class=\"elementor-wrapper elementor-open-inline\">\n\t\t\t<div class=\"elementor-video\"><\/div>\t\t<\/div>\n\t\t\t\t\t\t<\/div>\n\t\t\t\t<\/div>\n\t\t\t\t<\/div>\n\t\t\t\t<div class=\"elementor-element elementor-element-43cb7f0 elementor-widget elementor-widget-text-editor\" data-id=\"43cb7f0\" data-element_type=\"widget\" data-widget_type=\"text-editor.default\">\n\t\t\t\t<div class=\"elementor-widget-container\">\n\t\t\t\t\t\t\t\t\t<p>Fa\u00e7a seu amor brilhar mais intensamente com este deslumbrante <strong>Anel de esmeralda<\/strong>com uma esmeralda natural oval cercada por um halo cintilante de diamantes. Esse design de tirar o f\u00f4lego cria um equil\u00edbrio perfeito entre a cor vibrante e o brilho radiante, o que o torna a escolha ideal para um brinco de diamante. <strong>anel de noivado<\/strong> ou <strong>alian\u00e7a de casamento<\/strong>. A rica tonalidade verde da esmeralda natural simboliza o amor, a renova\u00e7\u00e3o e o crescimento, enquanto os diamantes deslumbrantes d\u00e3o um toque extra de eleg\u00e2ncia, tornando esse anel um s\u00edmbolo de compromisso eterno.<\/p><p><strong>Caracter\u00edsticas do produto:<\/strong><\/p><ul><li><strong>Material<\/strong>: Fabricado com metal de qualidade premium (escolha sua op\u00e7\u00e3o preferida), oferecendo durabilidade e um acabamento luxuoso que complementa lindamente os detalhes em esmeralda e diamante.<\/li><li><strong>Pedra<\/strong>: O centro apresenta uma esmeralda natural genu\u00edna de corte oval, selecionada por sua clareza e cor verde deslumbrante. Cercada por um halo de diamantes cintilantes, a esmeralda \u00e9 ainda mais real\u00e7ada, criando um efeito chamativo que deslumbra de todos os \u00e2ngulos.<\/li><li><strong>Design<\/strong>: O design do halo emoldura a esmeralda perfeitamente, fazendo com que ela pare\u00e7a ainda mais vibrante e acrescentando uma camada extra de luxo. Essa combina\u00e7\u00e3o requintada de esmeralda e diamantes oferece um visual atemporal e contempor\u00e2neo, o que a torna perfeita para aqueles que buscam um acess\u00f3rio significativo e distinto <strong>anel de noivado<\/strong> ou <strong>alian\u00e7a de casamento<\/strong>.<\/li><li><strong>S\u00edmbolo do amor<\/strong>: A esmeralda representa o amor, o renascimento e a harmonia, enquanto os diamantes simbolizam a eternidade e a for\u00e7a - juntos, criam uma bela representa\u00e7\u00e3o de um relacionamento duradouro e poderoso.<\/li><li><strong>Perfeito para noivados e casamentos<\/strong>: Se voc\u00ea est\u00e1 procurando uma experi\u00eancia significativa <strong>anel de noivado<\/strong> ou um luxuoso <strong>alian\u00e7a de casamento<\/strong>Esse anel oval de esmeralda \u00e9 a escolha perfeita para celebrar seu momento especial. Sua beleza atemporal permanecer\u00e1 como um s\u00edmbolo querido de seu amor por muitos anos.<\/li><\/ul><p>Isso <strong>Anel de esmeralda<\/strong> n\u00e3o \u00e9 apenas uma pe\u00e7a de joalheria - \u00e9 um s\u00edmbolo de seu compromisso, amor e do futuro que est\u00e3o construindo juntos. N\u00e3o perca a chance de ter esse anel espetacular. Fa\u00e7a seu pedido hoje e torne o dia de seu noivado ou casamento inesquec\u00edvel!<\/p>\t\t\t\t\t\t\t\t<\/div>\n\t\t\t\t<\/div>\n\t\t\t\t\t<\/div>\n\t\t\t\t<\/div>\n\t\t\t\t<\/div>","protected":false},"excerpt":{"rendered":"<p><strong>DETALHES do produto:<\/strong><br \/>\nMetal: Prata 925k<br \/>\nPedra preciosa: Esmeralda natural bruta<br \/>\nCor da gema: verde<br \/>\nCor da pulseira: ouro branco<br \/>\nTamanho do anel: Ajust\u00e1vel<br \/>\nDi\u00e2metro da pedra: 7\u00d75 mm<br \/>\nClaridade: Muito levemente incluso<br \/>\nForma: Oval<br \/>\nCorte: Brilhante misto<\/p>\n<div id=\"gtx-trans\" style=\"position: absolute; left: 69px; top: 183px;\">\n<div class=\"gtx-trans-icon\"><\/div>\n<\/div>","protected":false},"featured_media":1342,"comment_status":"open","ping_status":"closed","template":"","meta":{"_kad_post_transparent":"","_kad_post_title":"","_kad_post_layout":"","_kad_post_sidebar_id":"","_kad_post_content_style":"","_kad_post_vertical_padding":"","_kad_post_feature":"","_kad_post_feature_position":"","_kad_post_header":false,"_kad_post_footer":false},"product_brand":[],"product_cat":[16,17,70,66,20,15],"product_tag":[],"class_list":{"0":"post-733","1":"product","2":"type-product","3":"status-publish","4":"has-post-thumbnail","6":"product_cat-emerald-ring","7":"product_cat-engagement-ring","8":"product_cat-halo-ring","9":"product_cat-natural-gemstones-ring","10":"product_cat-oval-ring","11":"product_cat-rings","13":"first","14":"instock","15":"shipping-taxable","16":"purchasable","17":"product-type-simple","18":"entry","19":"content-bg","20":"loop-entry"},"aioseo_notices":[],"_links":{"self":[{"href":"https:\/\/emeraldsring.com\/pt\/wp-json\/wp\/v2\/product\/733","targetHints":{"allow":["GET"]}}],"collection":[{"href":"https:\/\/emeraldsring.com\/pt\/wp-json\/wp\/v2\/product"}],"about":[{"href":"https:\/\/emeraldsring.com\/pt\/wp-json\/wp\/v2\/types\/product"}],"replies":[{"embeddable":true,"href":"https:\/\/emeraldsring.com\/pt\/wp-json\/wp\/v2\/comments?post=733"}],"version-history":[{"count":8,"href":"https:\/\/emeraldsring.com\/pt\/wp-json\/wp\/v2\/product\/733\/revisions"}],"predecessor-version":[{"id":1344,"href":"https:\/\/emeraldsring.com\/pt\/wp-json\/wp\/v2\/product\/733\/revisions\/1344"}],"wp:featuredmedia":[{"embeddable":true,"href":"https:\/\/emeraldsring.com\/pt\/wp-json\/wp\/v2\/media\/1342"}],"wp:attachment":[{"href":"https:\/\/emeraldsring.com\/pt\/wp-json\/wp\/v2\/media?parent=733"}],"wp:term":[{"taxonomy":"product_brand","embeddable":true,"href":"https:\/\/emeraldsring.com\/pt\/wp-json\/wp\/v2\/product_brand?post=733"},{"taxonomy":"product_cat","embeddable":true,"href":"https:\/\/emeraldsring.com\/pt\/wp-json\/wp\/v2\/product_cat?post=733"},{"taxonomy":"product_tag","embeddable":true,"href":"https:\/\/emeraldsring.com\/pt\/wp-json\/wp\/v2\/product_tag?post=733"}],"curies":[{"name":"wp","href":"https:\/\/api.w.org\/{rel}","templated":true}]}}