{"id":742,"date":"2025-02-06T13:40:29","date_gmt":"2025-02-06T08:40:29","guid":{"rendered":"https:\/\/emeraldsring.com\/?post_type=product&#038;p=742"},"modified":"2025-04-28T19:59:06","modified_gmt":"2025-04-28T14:59:06","slug":"oval-emerald-ring-engagement-ring-solitaire-ring-anniversary-ring","status":"publish","type":"product","link":"https:\/\/emeraldsring.com\/pt\/produto\/oval-emerald-ring-engagement-ring-solitaire-ring-anniversary-ring\/","title":{"rendered":"Anel de Esmeralda Oval Anel de Noivado Anel de Solit\u00e1rio Anel de Anivers\u00e1rio"},"content":{"rendered":"<div data-elementor-type=\"product-post\" data-elementor-id=\"742\" class=\"elementor elementor-742\" data-elementor-post-type=\"product\">\n\t\t\t\t<div class=\"elementor-element elementor-element-f2b0058 e-flex e-con-boxed e-con e-parent\" data-id=\"f2b0058\" data-element_type=\"container\">\n\t\t\t\t\t<div class=\"e-con-inner\">\n\t\t<div class=\"elementor-element elementor-element-0ec1602 e-con-full e-flex e-con e-child\" data-id=\"0ec1602\" data-element_type=\"container\">\n\t\t\t\t<div class=\"elementor-element elementor-element-a2a066c elementor-widget elementor-widget-video\" data-id=\"a2a066c\" data-element_type=\"widget\" data-settings=\"{&quot;youtube_url&quot;:&quot;https:\\\/\\\/youtube.com\\\/watch?v=Y0Gs69z2kSg&quot;,&quot;loop&quot;:&quot;yes&quot;,&quot;video_type&quot;:&quot;youtube&quot;,&quot;controls&quot;:&quot;yes&quot;}\" data-widget_type=\"video.default\">\n\t\t\t\t<div class=\"elementor-widget-container\">\n\t\t\t\t\t\t\t<div class=\"elementor-wrapper elementor-open-inline\">\n\t\t\t<div class=\"elementor-video\"><\/div>\t\t<\/div>\n\t\t\t\t\t\t<\/div>\n\t\t\t\t<\/div>\n\t\t\t\t<\/div>\n\t\t\t\t<div class=\"elementor-element elementor-element-05cea27 elementor-widget elementor-widget-text-editor\" data-id=\"05cea27\" data-element_type=\"widget\" data-widget_type=\"text-editor.default\">\n\t\t\t\t<div class=\"elementor-widget-container\">\n\t\t\t\t\t\t\t\t\t<p>Comemore seus momentos mais queridos com este incr\u00edvel <strong>Anel de esmeralda<\/strong>com uma esmeralda natural de corte oval radiante em um design cl\u00e1ssico de solit\u00e1rio. Se voc\u00ea est\u00e1 procurando o anel perfeito <strong>anel de noivado<\/strong> ou um <strong>anel de anivers\u00e1rio<\/strong>Essa elegante pe\u00e7a captura a ess\u00eancia do amor, da beleza e do compromisso atemporal. O verde v\u00edvido da esmeralda simboliza renova\u00e7\u00e3o, crescimento e vitalidade, o que a torna a pedra preciosa ideal para comemorar uma vida inteira de amor e devo\u00e7\u00e3o.<\/p><p><strong>Caracter\u00edsticas do produto:<\/strong><\/p><ul><li><strong>Material<\/strong>: Fabricado em metal de alta qualidade (escolha sua op\u00e7\u00e3o preferida), oferecendo durabilidade e um acabamento liso e polido que real\u00e7a a beleza natural da esmeralda.<\/li><li><strong>Pedra<\/strong>: Uma esmeralda natural genu\u00edna, de corte oval, cuidadosamente selecionada por sua rica cor verde e excepcional transpar\u00eancia. A esmeralda \u00e9 engastada em um design elegante e minimalista que permite que a pedra ocupe o centro do palco e brilhe intensamente.<\/li><li><strong>Design<\/strong>: A configura\u00e7\u00e3o do solit\u00e1rio exibe lindamente a cor e a eleg\u00e2ncia marcantes da esmeralda. Com seu design simples, por\u00e9m sofisticado, esse <strong>Anel de esmeralda<\/strong> \u00e9 perfeito para aqueles que preferem um luxo discreto, o que o torna ideal para quem quer se divertir. <strong>anel de noivado<\/strong> ou <strong>anel de anivers\u00e1rio<\/strong> para qualquer ocasi\u00e3o especial.<\/li><li><strong>S\u00edmbolo do amor<\/strong>: A esmeralda representa harmonia, renascimento e lealdade, o que a torna a pedra preciosa perfeita para simbolizar seu amor e compromisso. \u00c9 uma escolha significativa para casais que est\u00e3o comemorando um novo cap\u00edtulo ou marcando anos de uni\u00e3o.<\/li><li><strong>Eleg\u00e2ncia vers\u00e1til<\/strong>: Seja como um <strong>anel de noivado<\/strong> ou um <strong>anel de anivers\u00e1rio<\/strong>Se voc\u00ea n\u00e3o tiver um anel de pesco\u00e7o, essa pe\u00e7a atemporal permanecer\u00e1 como um s\u00edmbolo querido de seu amor. Seu design cl\u00e1ssico garante que ela nunca sair\u00e1 de moda, tornando-se uma heran\u00e7a preciosa para gera\u00e7\u00f5es.<\/li><\/ul><p>Torne sua hist\u00f3ria de amor inesquec\u00edvel com essa deslumbrante <strong>Anel de esmeralda<\/strong>. Fa\u00e7a seu pedido hoje e celebre seus momentos especiais com um anel que capta a ess\u00eancia da eleg\u00e2ncia, do amor e do compromisso.<\/p>\t\t\t\t\t\t\t\t<\/div>\n\t\t\t\t<\/div>\n\t\t\t\t\t<\/div>\n\t\t\t\t<\/div>\n\t\t\t\t<\/div>","protected":false},"excerpt":{"rendered":"<p><strong>DETALHES do produto:<\/strong><br \/>\nMetal: Prata 925k<br \/>\nPedra preciosa: Esmeralda natural bruta<br \/>\nCor da gema: verde<br \/>\nCor da pulseira: ouro branco<br \/>\nTamanho do anel: Ajust\u00e1vel<br \/>\nDi\u00e2metro da pedra: 6\u00d74 mm<br \/>\nClaridade: Muito levemente incluso<br \/>\nForma: Oval<br \/>\nCorte: Brilhante misto<\/p>","protected":false},"featured_media":1346,"comment_status":"open","ping_status":"closed","template":"","meta":{"_kad_post_transparent":"","_kad_post_title":"","_kad_post_layout":"","_kad_post_sidebar_id":"","_kad_post_content_style":"","_kad_post_vertical_padding":"","_kad_post_feature":"","_kad_post_feature_position":"","_kad_post_header":false,"_kad_post_footer":false},"product_brand":[],"product_cat":[16,17,66,20,15,69],"product_tag":[],"class_list":{"0":"post-742","1":"product","2":"type-product","3":"status-publish","4":"has-post-thumbnail","6":"product_cat-emerald-ring","7":"product_cat-engagement-ring","8":"product_cat-natural-gemstones-ring","9":"product_cat-oval-ring","10":"product_cat-rings","11":"product_cat-solitaire","13":"first","14":"instock","15":"shipping-taxable","16":"purchasable","17":"product-type-simple","18":"entry","19":"content-bg","20":"loop-entry"},"aioseo_notices":[],"_links":{"self":[{"href":"https:\/\/emeraldsring.com\/pt\/wp-json\/wp\/v2\/product\/742","targetHints":{"allow":["GET"]}}],"collection":[{"href":"https:\/\/emeraldsring.com\/pt\/wp-json\/wp\/v2\/product"}],"about":[{"href":"https:\/\/emeraldsring.com\/pt\/wp-json\/wp\/v2\/types\/product"}],"replies":[{"embeddable":true,"href":"https:\/\/emeraldsring.com\/pt\/wp-json\/wp\/v2\/comments?post=742"}],"version-history":[{"count":8,"href":"https:\/\/emeraldsring.com\/pt\/wp-json\/wp\/v2\/product\/742\/revisions"}],"predecessor-version":[{"id":1494,"href":"https:\/\/emeraldsring.com\/pt\/wp-json\/wp\/v2\/product\/742\/revisions\/1494"}],"wp:featuredmedia":[{"embeddable":true,"href":"https:\/\/emeraldsring.com\/pt\/wp-json\/wp\/v2\/media\/1346"}],"wp:attachment":[{"href":"https:\/\/emeraldsring.com\/pt\/wp-json\/wp\/v2\/media?parent=742"}],"wp:term":[{"taxonomy":"product_brand","embeddable":true,"href":"https:\/\/emeraldsring.com\/pt\/wp-json\/wp\/v2\/product_brand?post=742"},{"taxonomy":"product_cat","embeddable":true,"href":"https:\/\/emeraldsring.com\/pt\/wp-json\/wp\/v2\/product_cat?post=742"},{"taxonomy":"product_tag","embeddable":true,"href":"https:\/\/emeraldsring.com\/pt\/wp-json\/wp\/v2\/product_tag?post=742"}],"curies":[{"name":"wp","href":"https:\/\/api.w.org\/{rel}","templated":true}]}}