{"id":750,"date":"2025-02-06T13:55:53","date_gmt":"2025-02-06T08:55:53","guid":{"rendered":"https:\/\/emeraldsring.com\/?post_type=product&#038;p=750"},"modified":"2025-04-28T19:59:03","modified_gmt":"2025-04-28T14:59:03","slug":"gold-diamond-natural-emerald-ring-for-women-jewelry-gift","status":"publish","type":"product","link":"https:\/\/emeraldsring.com\/pt\/produto\/gold-diamond-natural-emerald-ring-for-women-jewelry-gift\/","title":{"rendered":"Anel de ouro com diamante e esmeralda natural para mulheres"},"content":{"rendered":"<div data-elementor-type=\"product-post\" data-elementor-id=\"750\" class=\"elementor elementor-750\" data-elementor-post-type=\"product\">\n\t\t\t\t<div class=\"elementor-element elementor-element-66aca19 e-flex e-con-boxed e-con e-parent\" data-id=\"66aca19\" data-element_type=\"container\">\n\t\t\t\t\t<div class=\"e-con-inner\">\n\t\t\t\t<div class=\"elementor-element elementor-element-d4e0590 elementor-widget elementor-widget-text-editor\" data-id=\"d4e0590\" data-element_type=\"widget\" data-widget_type=\"text-editor.default\">\n\t\t\t\t<div class=\"elementor-widget-container\">\n\t\t\t\t\t\t\t\t\t<p>Eleve qualquer ocasi\u00e3o com esse requintado <strong>Anel de esmeralda<\/strong>O anel de diamante da marca Crowley, lindamente trabalhado em ouro e com uma deslumbrante esmeralda natural cercada por diamantes brilhantes. Essa pe\u00e7a luxuosa \u00e9 mais do que apenas uma joia - \u00e9 um s\u00edmbolo significativo <strong>presente<\/strong> que simboliza o amor, a beleza e a eleg\u00e2ncia atemporal. Seja para um anivers\u00e1rio, uma festa de casamento ou qualquer ocasi\u00e3o especial, esse anel deslumbrante certamente deixar\u00e1 uma impress\u00e3o duradoura.<\/p><p><strong>Caracter\u00edsticas do produto:<\/strong><\/p><ul><li><strong>Material<\/strong>: Especialmente trabalhado em ouro de alta qualidade, garantindo durabilidade e um acabamento luxuoso. A configura\u00e7\u00e3o em ouro complementa lindamente a rica tonalidade verde da esmeralda e o brilho dos diamantes, criando uma pe\u00e7a que irradia eleg\u00e2ncia.<\/li><li><strong>Pedra<\/strong>: Uma esmeralda genu\u00edna e natural no centro, conhecida por sua cor vibrante e excepcional transpar\u00eancia. Cercado por um halo de diamantes, esse design real\u00e7a o brilho da esmeralda, tornando-a um verdadeiro showtopper.<\/li><li><strong>Design<\/strong>: A combina\u00e7\u00e3o de ouro, esmeralda e diamantes cria um design sofisticado e atemporal que \u00e9 ao mesmo tempo moderno e cl\u00e1ssico. Os diamantes acrescentam brilho extra, enquanto a esmeralda continua sendo o ponto focal, simbolizando o amor, a renova\u00e7\u00e3o e a vitalidade.<\/li><li><strong>Presente perfeito<\/strong>: Seja para um anivers\u00e1rio, uma data comemorativa ou simplesmente porque sim, este <strong>Anel de esmeralda<\/strong> \u00e9 um presente atencioso e inesquec\u00edvel <strong>presente<\/strong> para a mulher especial de sua vida. \u00c9 uma pe\u00e7a que ela apreciar\u00e1 para sempre, representando tanto a beleza quanto a natureza duradoura de seu amor.<\/li><li><strong>Eleg\u00e2ncia atemporal<\/strong>: Com sua impressionante pe\u00e7a central de esmeralda e detalhes em diamante, esse anel \u00e9 a combina\u00e7\u00e3o perfeita de luxo e significado. \u00c9 uma pe\u00e7a de joalheria que ser\u00e1 valorizada por muitas gera\u00e7\u00f5es.<\/li><\/ul><p>Comemore os momentos especiais da vida com este deslumbrante <strong>Anel de esmeralda<\/strong>. Fa\u00e7a seu pedido hoje e d\u00ea um presente de eleg\u00e2ncia e amor que ela jamais esquecer\u00e1.<\/p>\t\t\t\t\t\t\t\t<\/div>\n\t\t\t\t<\/div>\n\t\t\t\t\t<\/div>\n\t\t\t\t<\/div>\n\t\t\t\t<\/div>","protected":false},"excerpt":{"rendered":"<p>DETALHES do produto:<br \/>\nMetal: Prata 925k<br \/>\nPedra preciosa: Esmeralda natural bruta<br \/>\nCor da gema: verde<br \/>\nCor da pulseira: dourada<br \/>\nTamanho do anel: Ajust\u00e1vel<br \/>\nDi\u00e2metro da pedra: 5\u00d77 mm<br \/>\nClaridade: Muito levemente incluso<br \/>\nForma: Oval<br \/>\nCorte: Brilhante misto<\/p>","protected":false},"featured_media":1272,"comment_status":"open","ping_status":"closed","template":"","meta":{"_kad_post_transparent":"","_kad_post_title":"","_kad_post_layout":"","_kad_post_sidebar_id":"","_kad_post_content_style":"","_kad_post_vertical_padding":"","_kad_post_feature":"","_kad_post_feature_position":"","_kad_post_header":false,"_kad_post_footer":false},"product_brand":[],"product_cat":[16,17,66,20,15],"product_tag":[],"class_list":{"0":"post-750","1":"product","2":"type-product","3":"status-publish","4":"has-post-thumbnail","6":"product_cat-emerald-ring","7":"product_cat-engagement-ring","8":"product_cat-natural-gemstones-ring","9":"product_cat-oval-ring","10":"product_cat-rings","12":"first","13":"instock","14":"shipping-taxable","15":"purchasable","16":"product-type-simple","17":"entry","18":"content-bg","19":"loop-entry"},"aioseo_notices":[],"_links":{"self":[{"href":"https:\/\/emeraldsring.com\/pt\/wp-json\/wp\/v2\/product\/750","targetHints":{"allow":["GET"]}}],"collection":[{"href":"https:\/\/emeraldsring.com\/pt\/wp-json\/wp\/v2\/product"}],"about":[{"href":"https:\/\/emeraldsring.com\/pt\/wp-json\/wp\/v2\/types\/product"}],"replies":[{"embeddable":true,"href":"https:\/\/emeraldsring.com\/pt\/wp-json\/wp\/v2\/comments?post=750"}],"version-history":[{"count":6,"href":"https:\/\/emeraldsring.com\/pt\/wp-json\/wp\/v2\/product\/750\/revisions"}],"predecessor-version":[{"id":1414,"href":"https:\/\/emeraldsring.com\/pt\/wp-json\/wp\/v2\/product\/750\/revisions\/1414"}],"wp:featuredmedia":[{"embeddable":true,"href":"https:\/\/emeraldsring.com\/pt\/wp-json\/wp\/v2\/media\/1272"}],"wp:attachment":[{"href":"https:\/\/emeraldsring.com\/pt\/wp-json\/wp\/v2\/media?parent=750"}],"wp:term":[{"taxonomy":"product_brand","embeddable":true,"href":"https:\/\/emeraldsring.com\/pt\/wp-json\/wp\/v2\/product_brand?post=750"},{"taxonomy":"product_cat","embeddable":true,"href":"https:\/\/emeraldsring.com\/pt\/wp-json\/wp\/v2\/product_cat?post=750"},{"taxonomy":"product_tag","embeddable":true,"href":"https:\/\/emeraldsring.com\/pt\/wp-json\/wp\/v2\/product_tag?post=750"}],"curies":[{"name":"wp","href":"https:\/\/api.w.org\/{rel}","templated":true}]}}