{"id":842,"date":"2025-02-07T10:29:09","date_gmt":"2025-02-07T05:29:09","guid":{"rendered":"https:\/\/emeraldsring.com\/?post_type=product&#038;p=842"},"modified":"2025-04-28T19:58:59","modified_gmt":"2025-04-28T14:58:59","slug":"emerald-engagement-rings-for-women-natural-marquise-emerald-ring-jewelry-gift","status":"publish","type":"product","link":"https:\/\/emeraldsring.com\/pt\/produto\/emerald-engagement-rings-for-women-natural-marquise-emerald-ring-jewelry-gift\/","title":{"rendered":"An\u00e9is de noivado de esmeralda para mulheres Anel de esmeralda marquise natural Presente de joalheria"},"content":{"rendered":"<div data-elementor-type=\"product-post\" data-elementor-id=\"842\" class=\"elementor elementor-842\" data-elementor-post-type=\"product\">\n\t\t\t\t<div class=\"elementor-element elementor-element-6326be8 e-flex e-con-boxed e-con e-parent\" data-id=\"6326be8\" data-element_type=\"container\">\n\t\t\t\t\t<div class=\"e-con-inner\">\n\t\t\t\t<div class=\"elementor-element elementor-element-af5f6ad elementor-widget elementor-widget-text-editor\" data-id=\"af5f6ad\" data-element_type=\"widget\" data-widget_type=\"text-editor.default\">\n\t\t\t\t<div class=\"elementor-widget-container\">\n\t\t\t\t\t\t\t\t\t<p>Comemore seu amor com este incr\u00edvel <strong>Anel de esmeralda<\/strong>com uma linda esmeralda natural de corte marquise em uma pulseira lindamente trabalhada. Esse design elegante o torna o modelo ideal para o seu casamento. <strong>anel de noivado<\/strong> para aqueles que buscam algo \u00fanico e significativo. A esmeralda marquise simboliza o amor, a for\u00e7a e a renova\u00e7\u00e3o, o que a torna a escolha perfeita para um compromisso que muda sua vida. Seja para um noivado ou como um presente de amor <strong>presente<\/strong>Esse anel deslumbrante \u00e9 um tesouro atemporal que ela vai adorar para sempre.<\/p><p><strong>Caracter\u00edsticas do produto:<\/strong><\/p><ul><li><strong>Material<\/strong>: Fabricado em metal de alta qualidade (escolha sua op\u00e7\u00e3o preferida), oferecendo durabilidade e um acabamento polido que real\u00e7a o brilho da esmeralda marquise.<\/li><li><strong>Pedra<\/strong>: A esmeralda natural com corte marquise \u00e9 a pe\u00e7a central desse anel, cuidadosamente selecionada por sua cor verde vibrante e excepcional transpar\u00eancia. Seu corte exclusivo lhe confere um formato alongado e elegante, acrescentando um toque de sofistica\u00e7\u00e3o ao design.<\/li><li><strong>Design<\/strong>: A elegante pulseira exibe com eleg\u00e2ncia a esmeralda marquise, permitindo que a pedra ocupe o centro do palco. Esse design contempor\u00e2neo, por\u00e9m atemporal, faz com que ele seja a escolha perfeita para um casamento. <strong>anel de noivado<\/strong> ou <strong>presente<\/strong> para algu\u00e9m que aprecia joias finas com um toque de distin\u00e7\u00e3o.<\/li><li><strong>S\u00edmbolo do amor<\/strong>: A esmeralda representa vitalidade, crescimento e amor, enquanto a lapida\u00e7\u00e3o marquise simboliza for\u00e7a e resist\u00eancia. Juntos, eles criam uma poderosa declara\u00e7\u00e3o de compromisso, fazendo com que este <strong>Anel de esmeralda<\/strong> a escolha perfeita para noivados, anivers\u00e1rios ou qualquer ocasi\u00e3o especial.<\/li><li><strong>Presente perfeito<\/strong>: Se voc\u00ea estiver comemorando um pedido de casamento ou surpreendendo algu\u00e9m com um presente significativo <strong>presente<\/strong>, este impressionante <strong>anel de noivado<\/strong> ser\u00e1 apreciado por muitos anos. \u00c9 uma pe\u00e7a que permanecer\u00e1 como um s\u00edmbolo atemporal de amor e devo\u00e7\u00e3o.<\/li><\/ul><p>Fa\u00e7a com que ela se sinta realmente especial com este <strong>Anel de esmeralda<\/strong>. Fa\u00e7a seu pedido hoje mesmo e d\u00ea o presente de um anel de noivado deslumbrante que capturar\u00e1 para sempre a ess\u00eancia de seu amor.<\/p>\t\t\t\t\t\t\t\t<\/div>\n\t\t\t\t<\/div>\n\t\t\t\t\t<\/div>\n\t\t\t\t<\/div>\n\t\t\t\t<\/div>","protected":false},"excerpt":{"rendered":"<p><strong>DETALHES do produto:<\/strong><br \/>\nMetal: Prata 925k<br \/>\nPedra preciosa: Esmeralda natural bruta<br \/>\nCor da gema: verde<br \/>\nCor da pulseira: revestimento em ouro rosa, revestimento em ouro branco<br \/>\nTamanho do anel: Ajust\u00e1vel<br \/>\nDi\u00e2metro da pedra: 3\u00d76 mm<br \/>\nClaridade: Muito levemente incluso<br \/>\nForma: Marquise<br \/>\nCorte: Brilhante misto<\/p>","protected":false},"featured_media":845,"comment_status":"open","ping_status":"closed","template":"","meta":{"_kad_post_transparent":"","_kad_post_title":"","_kad_post_layout":"","_kad_post_sidebar_id":"","_kad_post_content_style":"","_kad_post_vertical_padding":"","_kad_post_feature":"","_kad_post_feature_position":"","_kad_post_header":false,"_kad_post_footer":false},"product_brand":[],"product_cat":[16,17,26,66,15],"product_tag":[],"class_list":{"0":"post-842","1":"product","2":"type-product","3":"status-publish","4":"has-post-thumbnail","6":"product_cat-emerald-ring","7":"product_cat-engagement-ring","8":"product_cat-marquise-ring","9":"product_cat-natural-gemstones-ring","10":"product_cat-rings","12":"first","13":"instock","14":"shipping-taxable","15":"purchasable","16":"product-type-variable","17":"entry","18":"content-bg","19":"loop-entry"},"aioseo_notices":[],"_links":{"self":[{"href":"https:\/\/emeraldsring.com\/pt\/wp-json\/wp\/v2\/product\/842","targetHints":{"allow":["GET"]}}],"collection":[{"href":"https:\/\/emeraldsring.com\/pt\/wp-json\/wp\/v2\/product"}],"about":[{"href":"https:\/\/emeraldsring.com\/pt\/wp-json\/wp\/v2\/types\/product"}],"replies":[{"embeddable":true,"href":"https:\/\/emeraldsring.com\/pt\/wp-json\/wp\/v2\/comments?post=842"}],"version-history":[{"count":5,"href":"https:\/\/emeraldsring.com\/pt\/wp-json\/wp\/v2\/product\/842\/revisions"}],"predecessor-version":[{"id":1393,"href":"https:\/\/emeraldsring.com\/pt\/wp-json\/wp\/v2\/product\/842\/revisions\/1393"}],"wp:featuredmedia":[{"embeddable":true,"href":"https:\/\/emeraldsring.com\/pt\/wp-json\/wp\/v2\/media\/845"}],"wp:attachment":[{"href":"https:\/\/emeraldsring.com\/pt\/wp-json\/wp\/v2\/media?parent=842"}],"wp:term":[{"taxonomy":"product_brand","embeddable":true,"href":"https:\/\/emeraldsring.com\/pt\/wp-json\/wp\/v2\/product_brand?post=842"},{"taxonomy":"product_cat","embeddable":true,"href":"https:\/\/emeraldsring.com\/pt\/wp-json\/wp\/v2\/product_cat?post=842"},{"taxonomy":"product_tag","embeddable":true,"href":"https:\/\/emeraldsring.com\/pt\/wp-json\/wp\/v2\/product_tag?post=842"}],"curies":[{"name":"wp","href":"https:\/\/api.w.org\/{rel}","templated":true}]}}