{"id":850,"date":"2025-02-07T10:58:33","date_gmt":"2025-02-07T05:58:33","guid":{"rendered":"https:\/\/emeraldsring.com\/?post_type=product&#038;p=850"},"modified":"2025-04-28T19:58:57","modified_gmt":"2025-04-28T14:58:57","slug":"raw-natural-zambian-emerald-ring-for-women-vintage-engagement-ring","status":"publish","type":"product","link":"https:\/\/emeraldsring.com\/pt\/produto\/raw-natural-zambian-emerald-ring-for-women-vintage-engagement-ring\/","title":{"rendered":"Anel de esmeralda natural crua da Z\u00e2mbia para mulheres Anel de noivado vintage"},"content":{"rendered":"<div data-elementor-type=\"product-post\" data-elementor-id=\"850\" class=\"elementor elementor-850\" data-elementor-post-type=\"product\">\n\t\t\t\t<div class=\"elementor-element elementor-element-a386b32 e-flex e-con-boxed e-con e-parent\" data-id=\"a386b32\" data-element_type=\"container\">\n\t\t\t\t\t<div class=\"e-con-inner\">\n\t\t\t\t<div class=\"elementor-element elementor-element-61252be elementor-widget elementor-widget-text-editor\" data-id=\"61252be\" data-element_type=\"widget\" data-widget_type=\"text-editor.default\">\n\t\t\t\t<div class=\"elementor-widget-container\">\n\t\t\t\t\t\t\t\t\t<p>Abrace a beleza da natureza com este impressionante <strong>Anel de esmeralda<\/strong>com uma esmeralda natural da Z\u00e2mbia que captura a ess\u00eancia da eleg\u00e2ncia atemporal. Em uma pulseira de inspira\u00e7\u00e3o vintage lindamente trabalhada, esse design exclusivo \u00e9 perfeito para o seu casamento. <strong>anel de noivado<\/strong> para aqueles que apreciam uma mistura de charme r\u00fastico e estilo sofisticado. A tonalidade verde profunda e rica da esmeralda bruta simboliza o amor, o crescimento e a renova\u00e7\u00e3o, o que a torna a escolha perfeita para marcar o in\u00edcio de uma jornada para toda a vida.<\/p><p><strong>Caracter\u00edsticas do produto:<\/strong><\/p><ul><li><strong>Material<\/strong>: Feita com metal de alta qualidade (escolha sua op\u00e7\u00e3o preferida), a pulseira foi projetada para complementar a esmeralda bruta, dando-lhe um toque vintage e artesanal que real\u00e7a a beleza natural da pedra.<\/li><li><strong>Pedra<\/strong>: A esmeralda zambiana bruta \u00e9 a pe\u00e7a central desse anel requintado, conhecida por sua cor verde profunda e textura \u00fanica e n\u00e3o polida. Essa esmeralda natural captura a beleza pura e org\u00e2nica da pedra, criando uma pe\u00e7a \u00fanica que \u00e9 cativante e significativa.<\/li><li><strong>Design<\/strong>: A pulseira de inspira\u00e7\u00e3o vintage acrescenta um toque elegante e atemporal \u00e0 esmeralda bruta, fazendo com que este modelo seja um dos mais bonitos do mundo. <strong>Anel de esmeralda<\/strong> perfeito para quem busca uma experi\u00eancia n\u00e3o tradicional <strong>anel de noivado<\/strong> com um car\u00e1ter distinto e pessoal. Seu charme r\u00fastico, aliado a um trabalho artesanal refinado, garante que ela se destaque de todas as outras.<\/li><li><strong>S\u00edmbolo do amor<\/strong>: A esmeralda \u00e9 um s\u00edmbolo de vitalidade, amor e renova\u00e7\u00e3o, enquanto a natureza bruta da pedra enfatiza a autenticidade e a for\u00e7a. Isso a torna a pedra perfeita <strong>anel de noivado<\/strong> para marcar o in\u00edcio de um novo cap\u00edtulo na vida com um amor que \u00e9 t\u00e3o real e duradouro quanto a pr\u00f3pria pedra preciosa.<\/li><li><strong>Eleg\u00e2ncia atemporal<\/strong>: Apesar de seu apelo r\u00fastico moderno, este <strong>Anel de esmeralda<\/strong> \u00e9 uma pe\u00e7a cl\u00e1ssica que permanecer\u00e1 como uma heran\u00e7a estimada por gera\u00e7\u00f5es. \u00c9 ideal para quem est\u00e1 procurando um <strong>anel de noivado vintage<\/strong> que conte uma hist\u00f3ria e reflita seu amor de uma forma \u00fanica e significativa.<\/li><\/ul><p>Comemore seu compromisso com uma pe\u00e7a que \u00e9 t\u00e3o rara e bonita quanto seu amor. Fa\u00e7a seu pedido hoje e d\u00ea o presente de um <strong>anel de noivado de esmeralda natural bruta<\/strong> que durar\u00e1 por toda a vida.<\/p>\t\t\t\t\t\t\t\t<\/div>\n\t\t\t\t<\/div>\n\t\t\t\t\t<\/div>\n\t\t\t\t<\/div>\n\t\t\t\t<\/div>","protected":false},"excerpt":{"rendered":"<p><strong>DETALHES do produto:<\/strong><br \/>\nMetal: Prata 925k<br \/>\nPedra preciosa: Esmeralda natural bruta<br \/>\nCor da gema: verde<br \/>\nCor da pulseira: Rrose Gold Vermeil, White Gold Vermeil<br \/>\nTamanho do anel: Ajust\u00e1vel<br \/>\nDi\u00e2metro da pedra: 3\u00d76 mm<br \/>\nClaridade: Muito levemente incluso<br \/>\nForma: Marquise<br \/>\nCorte: Brilhante misto<\/p>","protected":false},"featured_media":852,"comment_status":"open","ping_status":"closed","template":"","meta":{"_kad_post_transparent":"","_kad_post_title":"","_kad_post_layout":"","_kad_post_sidebar_id":"","_kad_post_content_style":"","_kad_post_vertical_padding":"","_kad_post_feature":"","_kad_post_feature_position":"","_kad_post_header":false,"_kad_post_footer":false},"product_brand":[],"product_cat":[16,17,26,66,15],"product_tag":[],"class_list":{"0":"post-850","1":"product","2":"type-product","3":"status-publish","4":"has-post-thumbnail","6":"product_cat-emerald-ring","7":"product_cat-engagement-ring","8":"product_cat-marquise-ring","9":"product_cat-natural-gemstones-ring","10":"product_cat-rings","12":"first","13":"instock","14":"shipping-taxable","15":"purchasable","16":"product-type-variable","17":"entry","18":"content-bg","19":"loop-entry"},"aioseo_notices":[],"_links":{"self":[{"href":"https:\/\/emeraldsring.com\/pt\/wp-json\/wp\/v2\/product\/850","targetHints":{"allow":["GET"]}}],"collection":[{"href":"https:\/\/emeraldsring.com\/pt\/wp-json\/wp\/v2\/product"}],"about":[{"href":"https:\/\/emeraldsring.com\/pt\/wp-json\/wp\/v2\/types\/product"}],"replies":[{"embeddable":true,"href":"https:\/\/emeraldsring.com\/pt\/wp-json\/wp\/v2\/comments?post=850"}],"version-history":[{"count":5,"href":"https:\/\/emeraldsring.com\/pt\/wp-json\/wp\/v2\/product\/850\/revisions"}],"predecessor-version":[{"id":1392,"href":"https:\/\/emeraldsring.com\/pt\/wp-json\/wp\/v2\/product\/850\/revisions\/1392"}],"wp:featuredmedia":[{"embeddable":true,"href":"https:\/\/emeraldsring.com\/pt\/wp-json\/wp\/v2\/media\/852"}],"wp:attachment":[{"href":"https:\/\/emeraldsring.com\/pt\/wp-json\/wp\/v2\/media?parent=850"}],"wp:term":[{"taxonomy":"product_brand","embeddable":true,"href":"https:\/\/emeraldsring.com\/pt\/wp-json\/wp\/v2\/product_brand?post=850"},{"taxonomy":"product_cat","embeddable":true,"href":"https:\/\/emeraldsring.com\/pt\/wp-json\/wp\/v2\/product_cat?post=850"},{"taxonomy":"product_tag","embeddable":true,"href":"https:\/\/emeraldsring.com\/pt\/wp-json\/wp\/v2\/product_tag?post=850"}],"curies":[{"name":"wp","href":"https:\/\/api.w.org\/{rel}","templated":true}]}}