{"id":858,"date":"2025-02-07T11:15:53","date_gmt":"2025-02-07T06:15:53","guid":{"rendered":"https:\/\/emeraldsring.com\/?post_type=product&#038;p=858"},"modified":"2025-04-28T19:58:52","modified_gmt":"2025-04-28T14:58:52","slug":"marquise-shape-natural-emerald-ring-gift-for-her","status":"publish","type":"product","link":"https:\/\/emeraldsring.com\/pt\/produto\/marquise-shape-natural-emerald-ring-gift-for-her\/","title":{"rendered":"Anel de esmeralda natural em formato de marquise Presente para ela"},"content":{"rendered":"<div data-elementor-type=\"product-post\" data-elementor-id=\"858\" class=\"elementor elementor-858\" data-elementor-post-type=\"product\">\n\t\t\t\t<div class=\"elementor-element elementor-element-003be99 e-flex e-con-boxed e-con e-parent\" data-id=\"003be99\" data-element_type=\"container\" data-e-type=\"container\">\n\t\t\t\t\t<div class=\"e-con-inner\">\n\t\t\t\t<div class=\"elementor-element elementor-element-7fdc9ba elementor-widget elementor-widget-text-editor\" data-id=\"7fdc9ba\" data-element_type=\"widget\" data-e-type=\"widget\" data-widget_type=\"text-editor.default\">\n\t\t\t\t<div class=\"elementor-widget-container\">\n\t\t\t\t\t\t\t\t\t<p>Comemore a beleza dela com a eleg\u00e2ncia deste <strong>Anel de esmeralda<\/strong>com uma impressionante esmeralda natural em forma de marquise em seu cora\u00e7\u00e3o. Projetado para impressionar, esse anel requintado \u00e9 a escolha perfeita para um casamento. <strong>presente<\/strong> para qualquer ocasi\u00e3o, seja um anivers\u00e1rio ou um gesto especial para demonstrar seu amor. O formato alongado da esmeralda lapidada em marquise e a cor verde vibrante d\u00e3o um toque de sofistica\u00e7\u00e3o, tornando essa pe\u00e7a atemporal e cativante.<\/p><p><strong>Caracter\u00edsticas do produto:<\/strong><\/p><ul><li><strong>Material<\/strong>: Fabricado em metal de alta qualidade (escolha sua op\u00e7\u00e3o preferida), garantindo durabilidade e um acabamento polido que complementa a impressionante esmeralda em seu centro.<\/li><li><strong>Pedra<\/strong>: A esmeralda natural \u00e9 lapidada em formato marquise, conhecido por sua silhueta alongada e elegante. Sua rica cor verde e sua clareza a tornam uma pedra verdadeiramente atraente, perfeita para aqueles que apreciam a beleza da natureza e o artesanato fino.<\/li><li><strong>Design<\/strong>: A esmeralda com corte marquise \u00e9 colocada em uma pulseira elegante e moderna que real\u00e7a a beleza da pedra. Seu design simples e sofisticado o torna uma pe\u00e7a vers\u00e1til, perfeita para o uso di\u00e1rio ou como um anel para ocasi\u00f5es especiais. Seja como um <strong>presente<\/strong> ou um <strong>pe\u00e7a de destaque<\/strong>, este <strong>Anel de esmeralda<\/strong> far\u00e1 com que ela se sinta verdadeiramente estimada.<\/li><li><strong>S\u00edmbolo do amor<\/strong>: A esmeralda \u00e9 um s\u00edmbolo de vitalidade, crescimento e renova\u00e7\u00e3o, o que faz com que esse <strong>Anel Marquise<\/strong> um presente significativo e bonito para ela. \u00c9 um s\u00edmbolo atemporal de amor que ela guardar\u00e1 com carinho por muitos anos.<\/li><li><strong>Presente perfeito<\/strong>: Se estiver comemorando um marco hist\u00f3rico ou simplesmente quiser demonstrar seu afeto, este <strong>Anel de esmeralda<\/strong> \u00e9 o ideal <strong>presente<\/strong> para a mulher especial de sua vida. Seu design elegante e seu significado simb\u00f3lico fazem dele um presente que nunca sair\u00e1 de moda.<\/li><\/ul><p>Fa\u00e7a com que ela se sinta extraordin\u00e1ria com este incr\u00edvel <strong>Anel de esmeralda<\/strong>. Fa\u00e7a seu pedido hoje e d\u00ea a <strong>presente<\/strong> de beleza e eleg\u00e2ncia atemporais que ela apreciar\u00e1 para sempre.<\/p>\t\t\t\t\t\t\t\t<\/div>\n\t\t\t\t<\/div>\n\t\t\t\t\t<\/div>\n\t\t\t\t<\/div>\n\t\t\t\t<\/div>","protected":false},"excerpt":{"rendered":"<p>Celebre a beleza dela com a eleg\u00e2ncia desse anel Emerald, que apresenta uma impressionante esmeralda natural em forma de marquise em seu centro. Projetado para impressionar, esse anel requintado \u00e9 o presente perfeito para qualquer ocasi\u00e3o, seja um anivers\u00e1rio ou um gesto especial para demonstrar seu amor. O formato alongado da esmeralda com corte marquise e a cor verde vibrante acrescentam...<\/p>","protected":false},"featured_media":868,"comment_status":"open","ping_status":"closed","template":"","meta":{"_kad_post_transparent":"","_kad_post_title":"","_kad_post_layout":"","_kad_post_sidebar_id":"","_kad_post_content_style":"","_kad_post_vertical_padding":"","_kad_post_feature":"","_kad_post_feature_position":"","_kad_post_header":false,"_kad_post_footer":false},"product_brand":[],"product_cat":[16,26,66,15],"product_tag":[],"class_list":{"0":"post-858","1":"product","2":"type-product","3":"status-publish","4":"has-post-thumbnail","6":"product_cat-emerald-ring","7":"product_cat-marquise-ring","8":"product_cat-natural-gemstones-ring","9":"product_cat-rings","11":"first","12":"instock","13":"shipping-taxable","14":"purchasable","15":"product-type-variable","16":"entry","17":"content-bg","18":"loop-entry"},"aioseo_notices":[],"_links":{"self":[{"href":"https:\/\/emeraldsring.com\/pt\/wp-json\/wp\/v2\/product\/858","targetHints":{"allow":["GET"]}}],"collection":[{"href":"https:\/\/emeraldsring.com\/pt\/wp-json\/wp\/v2\/product"}],"about":[{"href":"https:\/\/emeraldsring.com\/pt\/wp-json\/wp\/v2\/types\/product"}],"replies":[{"embeddable":true,"href":"https:\/\/emeraldsring.com\/pt\/wp-json\/wp\/v2\/comments?post=858"}],"version-history":[{"count":5,"href":"https:\/\/emeraldsring.com\/pt\/wp-json\/wp\/v2\/product\/858\/revisions"}],"predecessor-version":[{"id":1391,"href":"https:\/\/emeraldsring.com\/pt\/wp-json\/wp\/v2\/product\/858\/revisions\/1391"}],"wp:featuredmedia":[{"embeddable":true,"href":"https:\/\/emeraldsring.com\/pt\/wp-json\/wp\/v2\/media\/868"}],"wp:attachment":[{"href":"https:\/\/emeraldsring.com\/pt\/wp-json\/wp\/v2\/media?parent=858"}],"wp:term":[{"taxonomy":"product_brand","embeddable":true,"href":"https:\/\/emeraldsring.com\/pt\/wp-json\/wp\/v2\/product_brand?post=858"},{"taxonomy":"product_cat","embeddable":true,"href":"https:\/\/emeraldsring.com\/pt\/wp-json\/wp\/v2\/product_cat?post=858"},{"taxonomy":"product_tag","embeddable":true,"href":"https:\/\/emeraldsring.com\/pt\/wp-json\/wp\/v2\/product_tag?post=858"}],"curies":[{"name":"wp","href":"https:\/\/api.w.org\/{rel}","templated":true}]}}