{"id":871,"date":"2025-02-07T11:28:57","date_gmt":"2025-02-07T06:28:57","guid":{"rendered":"https:\/\/emeraldsring.com\/?post_type=product&#038;p=871"},"modified":"2025-04-28T19:58:49","modified_gmt":"2025-04-28T14:58:49","slug":"real-emerald-cut-ring-925-sterling-silver-green-emerald-ring-gift-for-her","status":"publish","type":"product","link":"https:\/\/emeraldsring.com\/pt\/produto\/real-emerald-cut-ring-925-sterling-silver-green-emerald-ring-gift-for-her\/","title":{"rendered":"Real Gold Emerald Cut Ring Anel de esmeralda verde Presente para ela"},"content":{"rendered":"<div data-elementor-type=\"product-post\" data-elementor-id=\"871\" class=\"elementor elementor-871\" data-elementor-post-type=\"product\">\n\t\t\t\t<div class=\"elementor-element elementor-element-7238367 e-flex e-con-boxed e-con e-parent\" data-id=\"7238367\" data-element_type=\"container\" data-e-type=\"container\">\n\t\t\t\t\t<div class=\"e-con-inner\">\n\t\t\t\t<div class=\"elementor-element elementor-element-a6f3c32 elementor-widget elementor-widget-text-editor\" data-id=\"a6f3c32\" data-element_type=\"widget\" data-e-type=\"widget\" data-widget_type=\"text-editor.default\">\n\t\t\t\t<div class=\"elementor-widget-container\">\n\t\t\t\t\t\t\t\t\t<p>Encante-a com a beleza cativante deste <strong>Anel de esmeralda<\/strong>O anel de prata esterlina da marca Crowley, com uma esmeralda verde genu\u00edna de lapida\u00e7\u00e3o esmeralda, incrustada em uma pulseira de prata esterlina 925 atemporal. Esse design impressionante combina a eleg\u00e2ncia cl\u00e1ssica da esmeralda com a sofistica\u00e7\u00e3o da prata esterlina, o que o torna o anel ideal para quem quer se divertir. <strong>anel de noivado<\/strong> ou <strong>presente<\/strong> para ela. Seja para uma ocasi\u00e3o especial ou para um gesto sincero, essa linda pe\u00e7a conquistar\u00e1 seu cora\u00e7\u00e3o e se tornar\u00e1 uma parte querida de sua cole\u00e7\u00e3o.<\/p><p><strong>Caracter\u00edsticas do produto:<\/strong><\/p><ul><li><strong>Material<\/strong>: Confeccionado em prata esterlina 925 de primeira qualidade, este <strong>Anel de esmeralda<\/strong> garante durabilidade e um acabamento elegante e polido que complementa a rica tonalidade verde da esmeralda.<\/li><li><strong>Pedra<\/strong>: A pe\u00e7a central desse anel \u00e9 uma esmeralda verde de corte esmeralda real, selecionada por sua cor v\u00edvida e clareza not\u00e1vel. O corte esmeralda real\u00e7a o brilho natural da pedra, tornando-a um verdadeiro destaque sob qualquer luz.<\/li><li><strong>Design<\/strong>: A pulseira de prata esterlina simples, por\u00e9m sofisticada, permite que a esmeralda brilhe como o ponto focal, tornando esse anel a escolha perfeita para um casamento. <strong>anel de noivado<\/strong> ou <strong>presente<\/strong>. Seu design elegante e moderno o torna vers\u00e1til o suficiente tanto para o uso di\u00e1rio quanto para ocasi\u00f5es especiais.<\/li><li><strong>S\u00edmbolo do amor<\/strong>: As esmeraldas s\u00e3o conhecidas por simbolizarem o amor, o crescimento e o renascimento, o que faz com que essa esmeralda seja um s\u00edmbolo de amor. <strong>Anel de esmeralda<\/strong> um s\u00edmbolo significativo de compromisso e afeto. \u00c9 uma pe\u00e7a impressionante que a lembrar\u00e1 para sempre de seu amor e devo\u00e7\u00e3o.<\/li><li><strong>Presente perfeito<\/strong>: Se voc\u00ea estiver marcando um momento especial, como um pedido de casamento, ou simplesmente querendo demonstrar seu amor, este <strong>Anel de esmeralda<\/strong> \u00e9 o perfeito <strong>presente<\/strong> para qualquer mulher. Seu design atemporal e seu significado simb\u00f3lico fazem dele uma pe\u00e7a que ela guardar\u00e1 para sempre.<\/li><\/ul><p>Fa\u00e7a com que ela se sinta extraordin\u00e1ria com este elegante <strong>Anel de esmeralda<\/strong>. Fa\u00e7a seu pedido hoje e d\u00ea a <strong>presente<\/strong> de beleza, amor e sofistica\u00e7\u00e3o que ela guardar\u00e1 por toda a vida.<\/p>\t\t\t\t\t\t\t\t<\/div>\n\t\t\t\t<\/div>\n\t\t\t\t\t<\/div>\n\t\t\t\t<\/div>\n\t\t\t\t<\/div>","protected":false},"excerpt":{"rendered":"<p>DETALHES do produto:<br \/>\nMetal: Prata 925k<br \/>\nPedra preciosa: Esmeralda natural bruta<br \/>\nCor da gema: verde<br \/>\nCor da pulseira: dourada<br \/>\nTamanho do anel: Ajust\u00e1vel<br \/>\nDi\u00e2metro do tamanho da pedra: 3\u00d73 mm<br \/>\nClaridade: Muito levemente incluso<br \/>\nForma: Marquise<br \/>\nCorte: Brilhante misto<\/p>","protected":false},"featured_media":873,"comment_status":"open","ping_status":"closed","template":"","meta":{"_kad_post_transparent":"","_kad_post_title":"","_kad_post_layout":"","_kad_post_sidebar_id":"","_kad_post_content_style":"","_kad_post_vertical_padding":"","_kad_post_feature":"","_kad_post_feature_position":"","_kad_post_header":false,"_kad_post_footer":false},"product_brand":[],"product_cat":[16,66,56,15],"product_tag":[],"class_list":{"0":"post-871","1":"product","2":"type-product","3":"status-publish","4":"has-post-thumbnail","6":"product_cat-emerald-ring","7":"product_cat-natural-gemstones-ring","8":"product_cat-princess","9":"product_cat-rings","11":"first","12":"instock","13":"sale","14":"shipping-taxable","15":"purchasable","16":"product-type-simple","17":"entry","18":"content-bg","19":"loop-entry"},"aioseo_notices":[],"_links":{"self":[{"href":"https:\/\/emeraldsring.com\/pt\/wp-json\/wp\/v2\/product\/871","targetHints":{"allow":["GET"]}}],"collection":[{"href":"https:\/\/emeraldsring.com\/pt\/wp-json\/wp\/v2\/product"}],"about":[{"href":"https:\/\/emeraldsring.com\/pt\/wp-json\/wp\/v2\/types\/product"}],"replies":[{"embeddable":true,"href":"https:\/\/emeraldsring.com\/pt\/wp-json\/wp\/v2\/comments?post=871"}],"version-history":[{"count":7,"href":"https:\/\/emeraldsring.com\/pt\/wp-json\/wp\/v2\/product\/871\/revisions"}],"predecessor-version":[{"id":1332,"href":"https:\/\/emeraldsring.com\/pt\/wp-json\/wp\/v2\/product\/871\/revisions\/1332"}],"wp:featuredmedia":[{"embeddable":true,"href":"https:\/\/emeraldsring.com\/pt\/wp-json\/wp\/v2\/media\/873"}],"wp:attachment":[{"href":"https:\/\/emeraldsring.com\/pt\/wp-json\/wp\/v2\/media?parent=871"}],"wp:term":[{"taxonomy":"product_brand","embeddable":true,"href":"https:\/\/emeraldsring.com\/pt\/wp-json\/wp\/v2\/product_brand?post=871"},{"taxonomy":"product_cat","embeddable":true,"href":"https:\/\/emeraldsring.com\/pt\/wp-json\/wp\/v2\/product_cat?post=871"},{"taxonomy":"product_tag","embeddable":true,"href":"https:\/\/emeraldsring.com\/pt\/wp-json\/wp\/v2\/product_tag?post=871"}],"curies":[{"name":"wp","href":"https:\/\/api.w.org\/{rel}","templated":true}]}}