{"id":879,"date":"2025-02-07T11:47:57","date_gmt":"2025-02-07T06:47:57","guid":{"rendered":"http:\/\/emeraldsring.com\/?post_type=product&#038;p=879"},"modified":"2025-05-16T20:01:33","modified_gmt":"2025-05-16T15:01:33","slug":"gold-natural-emerald-ring-green-gemstone-ring-round-cut-emerald-ring","status":"publish","type":"product","link":"https:\/\/emeraldsring.com\/pt\/produto\/gold-natural-emerald-ring-green-gemstone-ring-round-cut-emerald-ring\/","title":{"rendered":"Anel de ouro com esmeralda natural Anel de pedra preciosa verde Anel de esmeralda de corte redondo"},"content":{"rendered":"<div data-elementor-type=\"product-post\" data-elementor-id=\"879\" class=\"elementor elementor-879\" data-elementor-post-type=\"product\">\n\t\t\t\t<div class=\"elementor-element elementor-element-2843e82 e-flex e-con-boxed e-con e-parent\" data-id=\"2843e82\" data-element_type=\"container\" data-e-type=\"container\">\n\t\t\t\t\t<div class=\"e-con-inner\">\n\t\t\t\t<div class=\"elementor-element elementor-element-9c91ab4 elementor-widget elementor-widget-text-editor\" data-id=\"9c91ab4\" data-element_type=\"widget\" data-e-type=\"widget\" data-widget_type=\"text-editor.default\">\n\t\t\t\t<div class=\"elementor-widget-container\">\n\t\t\t\t\t\t\t\t\t<p>Eleve sua hist\u00f3ria de amor com este impressionante <strong>Anel de esmeralda<\/strong>com uma esmeralda natural de corte redondo e brilhante em uma luxuosa pulseira de ouro. A eleg\u00e2ncia atemporal do <strong>pedra preciosa esmeralda<\/strong> combinada com a rica configura\u00e7\u00e3o em ouro faz desta pe\u00e7a a perfeita <strong>anel de noivado<\/strong> ou uma adi\u00e7\u00e3o preciosa a qualquer cole\u00e7\u00e3o de joias. Com sua tonalidade verde vibrante, esse anel requintado simboliza amor, crescimento e renova\u00e7\u00e3o - uma escolha ideal para marcar os momentos mais significativos da vida.<\/p><p><strong>Caracter\u00edsticas do produto:<\/strong><\/p><ul><li><strong>Material<\/strong>: Feito com ouro de alta qualidade, este <strong>Anel de esmeralda<\/strong> oferece durabilidade e sofistica\u00e7\u00e3o. A pulseira de ouro quente real\u00e7a lindamente o verde profundo da esmeralda, tornando-a uma pe\u00e7a de destaque para qualquer ocasi\u00e3o.<\/li><li><strong>Pedra<\/strong>: O anel apresenta uma esmeralda natural de corte redondo, conhecida por sua impressionante clareza e cor verde vibrante. O corte redondo maximiza o brilho da pedra, criando um efeito cintilante que capta a luz de todos os \u00e2ngulos.<\/li><li><strong>Design<\/strong>: A pulseira de ouro simples e elegante complementa a beleza da esmeralda sem ofusc\u00e1-la, fazendo com que esta pe\u00e7a seja uma das mais bonitas do mundo. <strong>Anel de pedras preciosas<\/strong> o equil\u00edbrio perfeito entre refinamento e simplicidade. Seu design cl\u00e1ssico garante que ele permanecer\u00e1 como uma pe\u00e7a atemporal em sua cole\u00e7\u00e3o.<\/li><li><strong>S\u00edmbolo do amor<\/strong>: As esmeraldas s\u00e3o frequentemente associadas ao amor, ao crescimento e a novos come\u00e7os, o que faz com que essa esmeralda seja uma das mais belas do mundo. <strong>Anel de esmeralda<\/strong> um ideal <strong>anel de noivado<\/strong> para aqueles que querem um s\u00edmbolo significativo de seu compromisso. O tom verde profundo reflete tanto a prosperidade quanto a profundidade emocional, tornando-o um s\u00edmbolo atemporal de afeto.<\/li><li><strong>Presente perfeito<\/strong>: Se voc\u00ea estiver comemorando um noivado, anivers\u00e1rio ou simplesmente quiser expressar seu amor, este <strong>Anel de esmeralda<\/strong> \u00e9 o perfeito <strong>presente<\/strong>. Sua eleg\u00e2ncia e seu rico simbolismo fazem dela uma pe\u00e7a que ser\u00e1 apreciada por muitos anos.<\/li><\/ul><p>Comemore os momentos especiais de sua vida com este deslumbrante <strong>Anel de esmeralda<\/strong>. Fa\u00e7a seu pedido hoje e d\u00ea a <strong>presente<\/strong> de amor, beleza e eleg\u00e2ncia atemporal que ela guardar\u00e1 para sempre.<\/p>\t\t\t\t\t\t\t\t<\/div>\n\t\t\t\t<\/div>\n\t\t\t\t\t<\/div>\n\t\t\t\t<\/div>\n\t\t\t\t<\/div>","protected":false},"excerpt":{"rendered":"<p>DETALHES do produto:<br \/>\nMetal: Prata 925k<br \/>\nPedra preciosa: Esmeralda natural bruta<br \/>\nCor da gema: verde<br \/>\nCor da pulseira: dourada<br \/>\nTamanho do anel: Ajust\u00e1vel<br \/>\nDi\u00e2metro do tamanho da pedra: 3\u00d73 mm<br \/>\nClaridade: Muito levemente incluso<br \/>\nForma: Redondo<br \/>\nCorte: Brilhante misto<\/p>","protected":false},"featured_media":1348,"comment_status":"open","ping_status":"closed","template":"","meta":{"_kad_post_transparent":"","_kad_post_title":"","_kad_post_layout":"","_kad_post_sidebar_id":"","_kad_post_content_style":"","_kad_post_vertical_padding":"","_kad_post_feature":"","_kad_post_feature_position":"","_kad_post_header":false,"_kad_post_footer":false},"product_brand":[],"product_cat":[15,16,66,57],"product_tag":[],"class_list":{"0":"post-879","1":"product","2":"type-product","3":"status-publish","4":"has-post-thumbnail","6":"product_cat-rings","7":"product_cat-emerald-ring","8":"product_cat-natural-gemstones-ring","9":"product_cat-round","11":"first","12":"instock","13":"shipping-taxable","14":"purchasable","15":"product-type-simple","16":"entry","17":"content-bg","18":"loop-entry"},"aioseo_notices":[],"_links":{"self":[{"href":"https:\/\/emeraldsring.com\/pt\/wp-json\/wp\/v2\/product\/879","targetHints":{"allow":["GET"]}}],"collection":[{"href":"https:\/\/emeraldsring.com\/pt\/wp-json\/wp\/v2\/product"}],"about":[{"href":"https:\/\/emeraldsring.com\/pt\/wp-json\/wp\/v2\/types\/product"}],"replies":[{"embeddable":true,"href":"https:\/\/emeraldsring.com\/pt\/wp-json\/wp\/v2\/comments?post=879"}],"version-history":[{"count":5,"href":"https:\/\/emeraldsring.com\/pt\/wp-json\/wp\/v2\/product\/879\/revisions"}],"predecessor-version":[{"id":1349,"href":"https:\/\/emeraldsring.com\/pt\/wp-json\/wp\/v2\/product\/879\/revisions\/1349"}],"wp:featuredmedia":[{"embeddable":true,"href":"https:\/\/emeraldsring.com\/pt\/wp-json\/wp\/v2\/media\/1348"}],"wp:attachment":[{"href":"https:\/\/emeraldsring.com\/pt\/wp-json\/wp\/v2\/media?parent=879"}],"wp:term":[{"taxonomy":"product_brand","embeddable":true,"href":"https:\/\/emeraldsring.com\/pt\/wp-json\/wp\/v2\/product_brand?post=879"},{"taxonomy":"product_cat","embeddable":true,"href":"https:\/\/emeraldsring.com\/pt\/wp-json\/wp\/v2\/product_cat?post=879"},{"taxonomy":"product_tag","embeddable":true,"href":"https:\/\/emeraldsring.com\/pt\/wp-json\/wp\/v2\/product_tag?post=879"}],"curies":[{"name":"wp","href":"https:\/\/api.w.org\/{rel}","templated":true}]}}