{"id":922,"date":"2025-02-08T19:47:12","date_gmt":"2025-02-08T14:47:12","guid":{"rendered":"https:\/\/emeraldsring.com\/?post_type=product&#038;p=922"},"modified":"2025-04-28T19:58:38","modified_gmt":"2025-04-28T14:58:38","slug":"oval-emerald-cut-ring-real-emerald-birthstone-ring-perfect-gift-for-her","status":"publish","type":"product","link":"https:\/\/emeraldsring.com\/pt\/produto\/oval-emerald-cut-ring-real-emerald-birthstone-ring-perfect-gift-for-her\/","title":{"rendered":"Oval Emerald Cut Ring Real Emerald Birthstone Ring Presente perfeito para ela"},"content":{"rendered":"<div data-elementor-type=\"product-post\" data-elementor-id=\"922\" class=\"elementor elementor-922\" data-elementor-post-type=\"product\">\n\t\t\t\t<div class=\"elementor-element elementor-element-6bb2c97 e-flex e-con-boxed e-con e-parent\" data-id=\"6bb2c97\" data-element_type=\"container\">\n\t\t\t\t\t<div class=\"e-con-inner\">\n\t\t<div class=\"elementor-element elementor-element-67eaa61 e-con-full e-flex e-con e-child\" data-id=\"67eaa61\" data-element_type=\"container\">\n\t\t\t\t<div class=\"elementor-element elementor-element-731f176 elementor-widget elementor-widget-video\" data-id=\"731f176\" data-element_type=\"widget\" data-settings=\"{&quot;youtube_url&quot;:&quot;https:\\\/\\\/www.youtube.com\\\/watch?v=RpPMRmGLCUQ&quot;,&quot;video_type&quot;:&quot;youtube&quot;,&quot;controls&quot;:&quot;yes&quot;}\" data-widget_type=\"video.default\">\n\t\t\t\t<div class=\"elementor-widget-container\">\n\t\t\t\t\t\t\t<div class=\"elementor-wrapper elementor-open-inline\">\n\t\t\t<div class=\"elementor-video\"><\/div>\t\t<\/div>\n\t\t\t\t\t\t<\/div>\n\t\t\t\t<\/div>\n\t\t\t\t<\/div>\n\t\t\t\t<div class=\"elementor-element elementor-element-b2f846a elementor-widget elementor-widget-text-editor\" data-id=\"b2f846a\" data-element_type=\"widget\" data-widget_type=\"text-editor.default\">\n\t\t\t\t<div class=\"elementor-widget-container\">\n\t\t\t\t\t\t\t\t\t<p>Fa\u00e7a com que seu pedido de casamento seja inesquec\u00edvel com este impressionante <strong>Anel de esmeralda<\/strong>O anel de ouro da marca \u00e9 uma esmeralda natural de corte oval, com uma cativante esmeralda natural de corte oval cercada por diamantes cintilantes, engastada em uma luxuosa pulseira de ouro. Esse elegante <strong>anel de noivado<\/strong> combina a beleza atemporal das esmeraldas com o brilho dos diamantes, criando um s\u00edmbolo verdadeiramente \u00fanico e significativo de seu amor e compromisso.<\/p><p><strong>Caracter\u00edsticas do produto:<\/strong><\/p><ul><li><strong>Material<\/strong>: Confeccionado em ouro de alta qualidade, este <strong>Anel de esmeralda<\/strong> \u00e9 dur\u00e1vel e refinado, oferecendo um equil\u00edbrio perfeito entre luxo e beleza duradoura. A pulseira de ouro real\u00e7a o verde vibrante da esmeralda e o brilho dos diamantes, criando uma pe\u00e7a sofisticada e atemporal.<\/li><li><strong>Pedra<\/strong>: A pe\u00e7a central deste requintado <strong>anel de noivado<\/strong> \u00e9 uma esmeralda natural de corte oval, cuidadosamente selecionada por sua rica cor verde e excepcional transpar\u00eancia. Ao lado da esmeralda h\u00e1 dois diamantes cintilantes, adicionando brilho extra e criando um design impressionante de tr\u00eas pedras que simboliza o passado, o presente e o futuro de seu amor.<\/li><li><strong>Design<\/strong>: O elegante design de tr\u00eas pedras apresenta uma esmeralda oval engastada entre dois diamantes deslumbrantes, tudo envolto em uma faixa de ouro lindamente polida. A combina\u00e7\u00e3o de esmeralda e diamantes faz desse anel a escolha perfeita para quem deseja algo verdadeiramente especial e distinto para seu noivado.<\/li><li><strong>S\u00edmbolo do amor<\/strong>: As esmeraldas representam o amor, a renova\u00e7\u00e3o e o crescimento, enquanto os diamantes simbolizam o compromisso e a for\u00e7a eternos. Juntos, eles formam um anel poderoso e significativo <strong>anel de noivado<\/strong> que capture a profundidade e a promessa de seu relacionamento.<\/li><li><strong>Anel de noivado perfeito<\/strong>: Se voc\u00ea est\u00e1 procurando uma maneira \u00fanica de fazer um pedido de casamento ou um s\u00edmbolo impressionante de seu amor, este <strong>Anel de esmeralda<\/strong> \u00e9 a escolha perfeita. Seu design elegante e atemporal garante que ele continuar\u00e1 sendo um s\u00edmbolo querido de seu compromisso por muitos anos.<\/li><\/ul><p>Torne esse momento inesquec\u00edvel com este pr\u00eamio de tirar o f\u00f4lego <strong>Anel de esmeralda<\/strong>. Fa\u00e7a seu pedido hoje e d\u00ea a ela o presente da beleza, do amor e da eternidade.<\/p>\t\t\t\t\t\t\t\t<\/div>\n\t\t\t\t<\/div>\n\t\t\t\t\t<\/div>\n\t\t\t\t<\/div>\n\t\t\t\t<\/div>","protected":false},"excerpt":{"rendered":"<p>DETALHES do produto:<br \/>\nMetal: Prata 925k<br \/>\nPedra preciosa: Esmeralda natural bruta<br \/>\nCor da gema: verde<br \/>\nCor da pulseira: ouro, ouro branco<br \/>\nTamanho do anel: Ajust\u00e1vel<br \/>\nDi\u00e2metro da pedra: 4\u00d76 mm<br \/>\nClaridade: Muito levemente incluso<br \/>\nForma: Oval<br \/>\nCorte: Brilhante misto<\/p>\n<div id=\"gtx-trans\" style=\"position: absolute; left: 83px; top: 183px;\">\n<div class=\"gtx-trans-icon\"><\/div>\n<\/div>","protected":false},"featured_media":1354,"comment_status":"open","ping_status":"closed","template":"","meta":{"_kad_post_transparent":"","_kad_post_title":"","_kad_post_layout":"","_kad_post_sidebar_id":"","_kad_post_content_style":"","_kad_post_vertical_padding":"","_kad_post_feature":"","_kad_post_feature_position":"","_kad_post_header":false,"_kad_post_footer":false},"product_brand":[],"product_cat":[16,89,66,20,15,69],"product_tag":[],"class_list":{"0":"post-922","1":"product","2":"type-product","3":"status-publish","4":"has-post-thumbnail","6":"product_cat-emerald-ring","7":"product_cat-engagement-and-wedding","8":"product_cat-natural-gemstones-ring","9":"product_cat-oval-ring","10":"product_cat-rings","11":"product_cat-solitaire","13":"first","14":"instock","15":"shipping-taxable","16":"purchasable","17":"product-type-variable","18":"entry","19":"content-bg","20":"loop-entry"},"aioseo_notices":[],"_links":{"self":[{"href":"https:\/\/emeraldsring.com\/pt\/wp-json\/wp\/v2\/product\/922","targetHints":{"allow":["GET"]}}],"collection":[{"href":"https:\/\/emeraldsring.com\/pt\/wp-json\/wp\/v2\/product"}],"about":[{"href":"https:\/\/emeraldsring.com\/pt\/wp-json\/wp\/v2\/types\/product"}],"replies":[{"embeddable":true,"href":"https:\/\/emeraldsring.com\/pt\/wp-json\/wp\/v2\/comments?post=922"}],"version-history":[{"count":8,"href":"https:\/\/emeraldsring.com\/pt\/wp-json\/wp\/v2\/product\/922\/revisions"}],"predecessor-version":[{"id":1355,"href":"https:\/\/emeraldsring.com\/pt\/wp-json\/wp\/v2\/product\/922\/revisions\/1355"}],"wp:featuredmedia":[{"embeddable":true,"href":"https:\/\/emeraldsring.com\/pt\/wp-json\/wp\/v2\/media\/1354"}],"wp:attachment":[{"href":"https:\/\/emeraldsring.com\/pt\/wp-json\/wp\/v2\/media?parent=922"}],"wp:term":[{"taxonomy":"product_brand","embeddable":true,"href":"https:\/\/emeraldsring.com\/pt\/wp-json\/wp\/v2\/product_brand?post=922"},{"taxonomy":"product_cat","embeddable":true,"href":"https:\/\/emeraldsring.com\/pt\/wp-json\/wp\/v2\/product_cat?post=922"},{"taxonomy":"product_tag","embeddable":true,"href":"https:\/\/emeraldsring.com\/pt\/wp-json\/wp\/v2\/product_tag?post=922"}],"curies":[{"name":"wp","href":"https:\/\/api.w.org\/{rel}","templated":true}]}}