{"id":989,"date":"2025-02-18T20:12:52","date_gmt":"2025-02-18T15:12:52","guid":{"rendered":"https:\/\/emeraldsring.com\/?post_type=product&#038;p=989"},"modified":"2025-04-28T19:58:21","modified_gmt":"2025-04-28T14:58:21","slug":"lab-created-emerald-sterling-silver-ring-with-diamonds-halo-solitaire-engagement-rings","status":"publish","type":"product","link":"https:\/\/emeraldsring.com\/pt\/produto\/lab-created-emerald-sterling-silver-ring-with-diamonds-halo-solitaire-engagement-rings\/","title":{"rendered":"Anel de esmeralda criado em laborat\u00f3rio com diamantes An\u00e9is de noivado com halo"},"content":{"rendered":"<div data-elementor-type=\"product-post\" data-elementor-id=\"989\" class=\"elementor elementor-989\" data-elementor-post-type=\"product\">\n\t\t\t\t<div class=\"elementor-element elementor-element-76e98b3 e-flex e-con-boxed e-con e-parent\" data-id=\"76e98b3\" data-element_type=\"container\">\n\t\t\t\t\t<div class=\"e-con-inner\">\n\t\t\t\t<div class=\"elementor-element elementor-element-88d1c7f elementor-widget elementor-widget-text-editor\" data-id=\"88d1c7f\" data-element_type=\"widget\" data-widget_type=\"text-editor.default\">\n\t\t\t\t<div class=\"elementor-widget-container\">\n\t\t\t\t\t\t\t\t\t<p data-start=\"328\" data-end=\"665\"><em data-start=\"328\" data-end=\"339\">Vis\u00e3o geral:<\/em> Comemore seu amor com esse requintado anel de noivado Lab-Created Emerald Halo. A vibrante pedra central esmeralda \u00e9 graciosamente circundada por um halo de diamantes cintilantes, todos engastados em prata esterlina lustrosa. Esse anel combina perfeitamente o design cl\u00e1ssico com a eleg\u00e2ncia moderna, tornando-o um s\u00edmbolo perfeito de compromisso duradouro.<\/p><p data-start=\"667\" data-end=\"678\"><em data-start=\"667\" data-end=\"678\">Caracter\u00edsticas:<\/em><\/p><ul data-start=\"679\" data-end=\"1101\"><li data-start=\"679\" data-end=\"772\"><strong data-start=\"681\" data-end=\"694\">Pedra preciosa:<\/strong> Esmeralda criada em laborat\u00f3rio, conhecida por sua rica tonalidade verde e excepcional transpar\u00eancia.<\/li><li data-start=\"773\" data-end=\"888\"><strong data-start=\"775\" data-end=\"792\">Configura\u00e7\u00e3o do halo:<\/strong> Um c\u00edrculo de diamantes cintilantes real\u00e7a a pedra central, acrescentando brilho e sofistica\u00e7\u00e3o.<\/li><li data-start=\"889\" data-end=\"990\"><strong data-start=\"891\" data-end=\"901\">Metal:<\/strong> Fabricado em prata esterlina de alta qualidade, oferece durabilidade e uma est\u00e9tica atemporal.<\/li><li data-start=\"991\" data-end=\"1101\"><strong data-start=\"993\" data-end=\"1004\">Design:<\/strong> Configura\u00e7\u00e3o cl\u00e1ssica de halo que acentua a beleza da esmeralda e d\u00e1 um toque contempor\u00e2neo.<\/li><\/ul><p data-start=\"1103\" data-end=\"1134\"><em data-start=\"1103\" data-end=\"1134\">Por que voc\u00ea deve comprar esse anel:<\/em><\/p><ul data-start=\"1135\" data-end=\"1717\"><li data-start=\"1135\" data-end=\"1243\"><strong data-start=\"1137\" data-end=\"1156\">Design elegante:<\/strong> A configura\u00e7\u00e3o em halo acrescenta um toque de glamour, tornando-o uma pe\u00e7a de destaque para qualquer ocasi\u00e3o.<\/li><li data-start=\"1244\" data-end=\"1388\"><strong data-start=\"1246\" data-end=\"1265\">Escolha \u00e9tica:<\/strong> Com uma esmeralda criada em laborat\u00f3rio, esse anel oferece uma alternativa ecol\u00f3gica e socialmente respons\u00e1vel \u00e0s pedras preciosas extra\u00eddas de minas.<\/li><li data-start=\"1389\" data-end=\"1517\"><strong data-start=\"1391\" data-end=\"1417\">Artesanato dur\u00e1vel:<\/strong> A configura\u00e7\u00e3o em prata esterlina garante a longevidade, permitindo que o anel seja apreciado por muitos anos.<\/li><li data-start=\"1518\" data-end=\"1620\"><strong data-start=\"1520\" data-end=\"1540\">Estilo vers\u00e1til:<\/strong> Seu design atemporal o torna adequado tanto para eventos formais quanto para o uso di\u00e1rio.<\/li><li data-start=\"1621\" data-end=\"1717\"><strong data-start=\"1623\" data-end=\"1645\">Luxo acess\u00edvel:<\/strong> Aproveite o fasc\u00ednio das joias de alta qualidade sem o pre\u00e7o extravagante.<\/li><\/ul><p data-start=\"1719\" data-end=\"1726\"><em data-start=\"1719\" data-end=\"1726\">Perguntas frequentes:<\/em><\/p><ol data-start=\"1728\" data-end=\"2409\"><li data-start=\"1728\" data-end=\"1928\"><p data-start=\"1731\" data-end=\"1773\"><strong data-start=\"1731\" data-end=\"1773\">A esmeralda \u00e9 natural ou criada em laborat\u00f3rio?<\/strong><\/p><ul data-start=\"1777\" data-end=\"1928\"><li data-start=\"1777\" data-end=\"1928\">O anel apresenta uma esmeralda criada em laborat\u00f3rio, que oferece as mesmas caracter\u00edsticas visuais das esmeraldas naturais, mas com clareza aprimorada e origem \u00e9tica.<\/li><\/ul><\/li><li data-start=\"1930\" data-end=\"2087\"><p data-start=\"1933\" data-end=\"1979\"><strong data-start=\"1933\" data-end=\"1979\">Qual \u00e9 a composi\u00e7\u00e3o met\u00e1lica do anel?<\/strong><\/p><ul data-start=\"1983\" data-end=\"2087\"><li data-start=\"1983\" data-end=\"2087\">O anel \u00e9 feito de prata esterlina de alta qualidade, combinando durabilidade com uma apar\u00eancia cl\u00e1ssica.<\/li><\/ul><\/li><li data-start=\"2089\" data-end=\"2250\"><p data-start=\"2092\" data-end=\"2128\"><strong data-start=\"2092\" data-end=\"2128\">Como devo cuidar desse anel?<\/strong><\/p><ul data-start=\"2132\" data-end=\"2250\"><li data-start=\"2132\" data-end=\"2250\">Para manter o brilho, limpe o anel com um pano macio e evite a exposi\u00e7\u00e3o a produtos qu\u00edmicos agressivos ou materiais abrasivos.<\/li><\/ul><\/li><li data-start=\"2252\" data-end=\"2409\"><p data-start=\"2255\" data-end=\"2311\"><strong data-start=\"2255\" data-end=\"2311\">O anel vem com garantia ou pol\u00edtica de devolu\u00e7\u00e3o?<\/strong><\/p><ul data-start=\"2315\" data-end=\"2409\"><li data-start=\"2315\" data-end=\"2409\">Sim, oferecemos uma pol\u00edtica de devolu\u00e7\u00e3o de 90 dias para garantir sua total satisfa\u00e7\u00e3o com a compra.<\/li><\/ul><\/li><\/ol>\t\t\t\t\t\t\t\t<\/div>\n\t\t\t\t<\/div>\n\t\t\t\t\t<\/div>\n\t\t\t\t<\/div>\n\t\t\t\t<\/div>","protected":false},"excerpt":{"rendered":"<p><strong>DETALHES do produto:<\/strong><br \/>\nMetal: Prata 925k<br \/>\nPedra preciosa: Cultivada em laborat\u00f3rio<br \/>\nCor da gema: verde<br \/>\nCor da pulseira: ouro branco<br \/>\nTamanho do anel: Ajust\u00e1vel<br \/>\nDi\u00e2metro da pedra: 5*5 mm\/0,48ct<br \/>\nForma: Princesa<\/p>","protected":false},"featured_media":1517,"comment_status":"open","ping_status":"closed","template":"","meta":{"_kad_post_transparent":"","_kad_post_title":"","_kad_post_layout":"","_kad_post_sidebar_id":"","_kad_post_content_style":"","_kad_post_vertical_padding":"","_kad_post_feature":"","_kad_post_feature_position":"","_kad_post_header":false,"_kad_post_footer":false},"product_brand":[],"product_cat":[16,89,17,70,67,56,15,69],"product_tag":[30,18,31],"class_list":{"0":"post-989","1":"product","2":"type-product","3":"status-publish","4":"has-post-thumbnail","6":"product_cat-emerald-ring","7":"product_cat-engagement-and-wedding","8":"product_cat-engagement-ring","9":"product_cat-halo-ring","10":"product_cat-lab-grown-gemstones-ring","11":"product_cat-princess","12":"product_cat-rings","13":"product_cat-solitaire","14":"product_tag-emerald-cut-engagement-rings","15":"product_tag-emerald-ring","16":"product_tag-engagement-ring","18":"first","19":"instock","20":"shipping-taxable","21":"purchasable","22":"product-type-simple","23":"entry","24":"content-bg","25":"loop-entry"},"aioseo_notices":[],"_links":{"self":[{"href":"https:\/\/emeraldsring.com\/pt\/wp-json\/wp\/v2\/product\/989","targetHints":{"allow":["GET"]}}],"collection":[{"href":"https:\/\/emeraldsring.com\/pt\/wp-json\/wp\/v2\/product"}],"about":[{"href":"https:\/\/emeraldsring.com\/pt\/wp-json\/wp\/v2\/types\/product"}],"replies":[{"embeddable":true,"href":"https:\/\/emeraldsring.com\/pt\/wp-json\/wp\/v2\/comments?post=989"}],"version-history":[{"count":6,"href":"https:\/\/emeraldsring.com\/pt\/wp-json\/wp\/v2\/product\/989\/revisions"}],"predecessor-version":[{"id":1710,"href":"https:\/\/emeraldsring.com\/pt\/wp-json\/wp\/v2\/product\/989\/revisions\/1710"}],"wp:featuredmedia":[{"embeddable":true,"href":"https:\/\/emeraldsring.com\/pt\/wp-json\/wp\/v2\/media\/1517"}],"wp:attachment":[{"href":"https:\/\/emeraldsring.com\/pt\/wp-json\/wp\/v2\/media?parent=989"}],"wp:term":[{"taxonomy":"product_brand","embeddable":true,"href":"https:\/\/emeraldsring.com\/pt\/wp-json\/wp\/v2\/product_brand?post=989"},{"taxonomy":"product_cat","embeddable":true,"href":"https:\/\/emeraldsring.com\/pt\/wp-json\/wp\/v2\/product_cat?post=989"},{"taxonomy":"product_tag","embeddable":true,"href":"https:\/\/emeraldsring.com\/pt\/wp-json\/wp\/v2\/product_tag?post=989"}],"curies":[{"name":"wp","href":"https:\/\/api.w.org\/{rel}","templated":true}]}}